{"id":52,"date":"2022-03-02T08:00:47","date_gmt":"2022-03-02T08:00:47","guid":{"rendered":"https:\/\/naldtanglejren.dk\/?page_id=52"},"modified":"2025-06-17T07:27:35","modified_gmt":"2025-06-17T07:27:35","slug":"kontakt-os","status":"publish","type":"page","link":"https:\/\/naldtanglejren.dk\/da_dk\/kontakt-os\/","title":{"rendered":"KONTAKT OS"},"content":{"rendered":"<p>[et_pb_section fb_built=&#8221;1&#8243; _builder_version=&#8221;4.16&#8243; _module_preset=&#8221;default&#8221; background_image=&#8221;https:\/\/naldtanglejren.dk\/wp-content\/uploads\/2022\/03\/KontaktOsHeader.jpg&#8221; height=&#8221;373px&#8221; height_tablet=&#8221;373px&#8221; height_phone=&#8221;265px&#8221; height_last_edited=&#8221;on|phone&#8221; custom_padding=&#8221;||||false|false&#8221; global_colors_info=&#8221;{}&#8221;][et_pb_row _builder_version=&#8221;4.16&#8243; _module_preset=&#8221;default&#8221; global_colors_info=&#8221;{}&#8221;][et_pb_column type=&#8221;4_4&#8243; _builder_version=&#8221;4.16&#8243; _module_preset=&#8221;default&#8221; global_colors_info=&#8221;{}&#8221;][et_pb_text _builder_version=&#8221;4.16&#8243; _module_preset=&#8221;default&#8221; header_font=&#8221;Dubar extra bold||||||||&#8221; header_text_align=&#8221;center&#8221; header_text_color=&#8221;#FFFFFF&#8221; header_font_size=&#8221;60px&#8221; header_font_size_tablet=&#8221;60px&#8221; header_font_size_phone=&#8221;30px&#8221; header_font_size_last_edited=&#8221;on|phone&#8221; global_colors_info=&#8221;{}&#8221;]<\/p>\n<h1>KONTAKT OS<\/h1>\n<p>[\/et_pb_text][\/et_pb_column][\/et_pb_row][\/et_pb_section][et_pb_section fb_built=&#8221;1&#8243; _builder_version=&#8221;4.16&#8243; _module_preset=&#8221;default&#8221; background_color=&#8221;#e2e6bc&#8221; custom_margin=&#8221;||||false|false&#8221; custom_padding=&#8221;1px||||false|false&#8221; top_divider_style=&#8221;arrow2&#8243; top_divider_color=&#8221;#808b23&#8243; top_divider_repeat=&#8221;1x&#8221; bottom_divider_style=&#8221;arrow2&#8243; bottom_divider_color=&#8221;#808b23&#8243; global_colors_info=&#8221;{}&#8221;][et_pb_row _builder_version=&#8221;4.16&#8243; _module_preset=&#8221;default&#8221; max_width=&#8221;618px&#8221; custom_margin=&#8221;115px||||false|false&#8221; global_colors_info=&#8221;{}&#8221;][et_pb_column type=&#8221;4_4&#8243; _builder_version=&#8221;4.16&#8243; _module_preset=&#8221;default&#8221; global_colors_info=&#8221;{}&#8221;][et_pb_text _builder_version=&#8221;4.24.0&#8243; _module_preset=&#8221;default&#8221; text_font=&#8221;Dunbar regular||||||||&#8221; text_line_height=&#8221;2em&#8221; link_font=&#8221;Dunbar regular||||on|||#808b23|&#8221; link_text_color=&#8221;#808b23&#8243; header_font=&#8221;Dubar extra bold||||||||&#8221; header_text_color=&#8221;#808b23&#8243; header_4_font=&#8221;Dunbar regular||||||||&#8221; header_4_text_color=&#8221;#808b23&#8243; text_orientation=&#8221;center&#8221; custom_margin=&#8221;||-37px|||&#8221; global_colors_info=&#8221;{}&#8221;]<\/p>\n<h1>KONTAKT OS<\/h1>\n<p>&nbsp;<\/p>\n<p>Har du sp\u00f8rgsm\u00e5l vedr\u00f8rende udlejning m.m. skriv gerne til <a href=\"mailto:naldtanglejren@fddb-kontor.dk\">naldtanglejren@fddb-kontor.dk<\/a><\/p>\n<p>For ledighed p\u00e5 Naldtanglejren tjek gerne booking-kalender.<\/p>\n<p>Ved akutte sp\u00f8rgm\u00e5l i forbindelse med udlejning, kan vi kontaktes p\u00e5 telefon 30 14 30 61<\/p>\n<p>&nbsp;<\/p>\n<p>[\/et_pb_text][\/et_pb_column][\/et_pb_row][\/et_pb_section][et_pb_section fb_built=&#8221;1&#8243; _builder_version=&#8221;4.16&#8243; _module_preset=&#8221;default&#8221; background_color=&#8221;#808b23&#8243; bottom_divider_style=&#8221;arrow2&#8243; bottom_divider_color=&#8221;#4d4d4d&#8221; global_colors_info=&#8221;{}&#8221;][et_pb_row _builder_version=&#8221;4.16&#8243; _module_preset=&#8221;default&#8221; width=&#8221;57%&#8221; width_tablet=&#8221;75%&#8221; width_phone=&#8221;75%&#8221; width_last_edited=&#8221;on|tablet&#8221; global_colors_info=&#8221;{}&#8221;][et_pb_column type=&#8221;4_4&#8243; _builder_version=&#8221;4.16&#8243; _module_preset=&#8221;default&#8221; global_colors_info=&#8221;{}&#8221;][et_pb_text _builder_version=&#8221;4.16&#8243; _module_preset=&#8221;default&#8221; header_font=&#8221;Dubar extra bold||||||||&#8221; header_text_color=&#8221;#FFFFFF&#8221; header_2_font=&#8221;Dubar extra bold||||||||&#8221; header_2_text_color=&#8221;#FFFFFF&#8221; header_font_size_tablet=&#8221;&#8221; header_font_size_phone=&#8221;25px&#8221; header_font_size_last_edited=&#8221;on|phone&#8221; global_colors_info=&#8221;{}&#8221;]<\/p>\n<h1 style=\"text-align: center;\">VI GL\u00c6DER OS TIL AT SE JER P\u00c5 TUSINDFRYD<br \/>OG NALDTANGLEJREN<\/h1>\n<p>[\/et_pb_text][\/et_pb_column][\/et_pb_row][et_pb_row column_structure=&#8221;1_2,1_2&#8243; _builder_version=&#8221;4.16&#8243; _module_preset=&#8221;default&#8221; width=&#8221;31%&#8221; width_tablet=&#8221;80%&#8221; width_phone=&#8221;80%&#8221; width_last_edited=&#8221;on|tablet&#8221; global_colors_info=&#8221;{}&#8221;][et_pb_column type=&#8221;1_2&#8243; _builder_version=&#8221;4.16&#8243; _module_preset=&#8221;default&#8221; global_colors_info=&#8221;{}&#8221;][et_pb_text _builder_version=&#8221;4.16&#8243; _module_preset=&#8221;default&#8221; text_font=&#8221;Dunbar regular||||||||&#8221; text_text_color=&#8221;#FFFFFF&#8221; text_font_size=&#8221;21px&#8221; text_line_height=&#8221;1.8em&#8221; max_width_tablet=&#8221;30%&#8221; max_width_phone=&#8221;50%&#8221; max_width_last_edited=&#8221;on|tablet&#8221; custom_margin=&#8221;|auto||auto|false|false&#8221; custom_margin_tablet=&#8221;|auto||auto|false|false&#8221; custom_margin_phone=&#8221;|auto||auto|false|false&#8221; custom_margin_last_edited=&#8221;on|phone&#8221; custom_padding=&#8221;||||false|false&#8221; global_colors_info=&#8221;{}&#8221;]<\/p>\n<p style=\"text-align: center;\"><strong>Naldtanglejren<\/strong><br \/>Naldtangvej 20<br \/>6200 Aabenraa<\/p>\n<p>[\/et_pb_text][\/et_pb_column][et_pb_column type=&#8221;1_2&#8243; _builder_version=&#8221;4.16&#8243; _module_preset=&#8221;default&#8221; global_colors_info=&#8221;{}&#8221;][et_pb_text _builder_version=&#8221;4.16&#8243; _module_preset=&#8221;default&#8221; text_font=&#8221;Dunbar regular||||||||&#8221; text_text_color=&#8221;#FFFFFF&#8221; text_font_size=&#8221;21px&#8221; text_line_height=&#8221;1.8em&#8221; max_width_tablet=&#8221;31%&#8221; max_width_phone=&#8221;50%&#8221; max_width_last_edited=&#8221;on|tablet&#8221; custom_margin=&#8221;|auto||auto|false|false&#8221; custom_margin_tablet=&#8221;|auto||auto|false|false&#8221; custom_margin_phone=&#8221;|auto||auto|false|false&#8221; custom_margin_last_edited=&#8221;on|phone&#8221; global_colors_info=&#8221;{}&#8221;]<\/p>\n<p style=\"text-align: center;\"><strong>Tusindfryd<\/strong><br \/>Naldtangvej 12c<br \/>6200 Aabenraa<\/p>\n<p>[\/et_pb_text][\/et_pb_column][\/et_pb_row][et_pb_row _builder_version=&#8221;4.16&#8243; _module_preset=&#8221;default&#8221; global_colors_info=&#8221;{}&#8221;][et_pb_column type=&#8221;4_4&#8243; _builder_version=&#8221;4.16&#8243; _module_preset=&#8221;default&#8221; global_colors_info=&#8221;{}&#8221;][et_pb_text _builder_version=&#8221;4.16&#8243; _module_preset=&#8221;default&#8221; text_font=&#8221;Dunbar regular||||||||&#8221; text_text_color=&#8221;#FFFFFF&#8221; text_orientation=&#8221;center&#8221; text_font_size_tablet=&#8221;&#8221; text_font_size_phone=&#8221;10px&#8221; text_font_size_last_edited=&#8221;on|phone&#8221; locked=&#8221;off&#8221; global_colors_info=&#8221;{}&#8221;]<\/p>\n<p>Billeder af: Patrick Rohde.S\u0116ASID\u0116 FOLKS, A78 og FDDB<\/p>\n<p>[\/et_pb_text][\/et_pb_column][\/et_pb_row][\/et_pb_section]<\/p>\n","protected":false},"excerpt":{"rendered":"<p>KONTAKT OSKONTAKT OS &nbsp; Har du sp\u00f8rgsm\u00e5l vedr\u00f8rende udlejning m.m. skriv gerne til naldtanglejren@fddb-kontor.dk For ledighed p\u00e5 Naldtanglejren tjek gerne booking-kalender. Ved akutte sp\u00f8rgm\u00e5l i forbindelse med udlejning, kan vi kontaktes p\u00e5 telefon 30 14 30 61 &nbsp;VI GL\u00c6DER OS TIL AT SE JER P\u00c5 TUSINDFRYDOG NALDTANGLEJRENNaldtanglejrenNaldtangvej 206200 AabenraaTusindfrydNaldtangvej 12c6200 AabenraaBilleder af: Patrick Rohde.S\u0116ASID\u0116 FOLKS, [&hellip;]<\/p>\n","protected":false},"author":1,"featured_media":0,"parent":0,"menu_order":0,"comment_status":"closed","ping_status":"closed","template":"","meta":{"_et_pb_use_builder":"on","_et_pb_old_content":"","_et_gb_content_width":"","inline_featured_image":false,"footnotes":""},"class_list":["post-52","page","type-page","status-publish","hentry"],"yoast_head":"<!-- This site is optimized with the Yoast SEO plugin v27.5 - https:\/\/yoast.com\/product\/yoast-seo-wordpress\/ -->\n<title>KONTAKT OS - Naldtanglejren<\/title>\n<meta name=\"description\" content=\"Kontakt os meget gerne hvis du har sp\u00f8rgsm\u00e5l omkring udlejning, virksomhedsarrangementer, teambuilding eller naturvejledning.\" \/>\n<meta name=\"robots\" content=\"index, follow, max-snippet:-1, max-image-preview:large, max-video-preview:-1\" \/>\n<link rel=\"canonical\" href=\"http:\/\/naldtanglejren.dk\/da_dk\/kontakt-os\/\" \/>\n<meta property=\"og:locale\" content=\"da_DK\" \/>\n<meta property=\"og:type\" content=\"article\" \/>\n<meta property=\"og:title\" content=\"KONTAKT OS - Naldtanglejren\" \/>\n<meta property=\"og:description\" content=\"Kontakt os meget gerne hvis du har sp\u00f8rgsm\u00e5l omkring udlejning, virksomhedsarrangementer, teambuilding eller naturvejledning.\" \/>\n<meta property=\"og:url\" content=\"http:\/\/naldtanglejren.dk\/da_dk\/kontakt-os\/\" \/>\n<meta property=\"og:site_name\" content=\"Naldtanglejren\" \/>\n<meta property=\"article:modified_time\" content=\"2025-06-17T07:27:35+00:00\" \/>\n<meta name=\"twitter:card\" content=\"summary_large_image\" \/>\n<meta name=\"twitter:label1\" content=\"Estimeret l\u00e6setid\" \/>\n\t<meta name=\"twitter:data1\" content=\"1 minut\" \/>\n<script type=\"application\/ld+json\" class=\"yoast-schema-graph\">{\"@context\":\"https:\\\/\\\/schema.org\",\"@graph\":[{\"@type\":\"WebPage\",\"@id\":\"http:\\\/\\\/naldtanglejren.dk\\\/de_de\\\/kontakt-os\\\/\",\"url\":\"http:\\\/\\\/naldtanglejren.dk\\\/de_de\\\/kontakt-os\\\/\",\"name\":\"KONTAKT OS - Naldtanglejren\",\"isPartOf\":{\"@id\":\"https:\\\/\\\/naldtanglejren.dk\\\/da_dk\\\/#website\"},\"datePublished\":\"2022-03-02T08:00:47+00:00\",\"dateModified\":\"2025-06-17T07:27:35+00:00\",\"description\":\"Kontakt os meget gerne hvis du har sp\u00f8rgsm\u00e5l omkring udlejning, virksomhedsarrangementer, teambuilding eller naturvejledning.\",\"breadcrumb\":{\"@id\":\"http:\\\/\\\/naldtanglejren.dk\\\/de_de\\\/kontakt-os\\\/#breadcrumb\"},\"inLanguage\":\"da-DK\",\"potentialAction\":[{\"@type\":\"ReadAction\",\"target\":[\"http:\\\/\\\/naldtanglejren.dk\\\/de_de\\\/kontakt-os\\\/\"]}]},{\"@type\":\"BreadcrumbList\",\"@id\":\"http:\\\/\\\/naldtanglejren.dk\\\/de_de\\\/kontakt-os\\\/#breadcrumb\",\"itemListElement\":[{\"@type\":\"ListItem\",\"position\":1,\"name\":\"Hjem\",\"item\":\"https:\\\/\\\/naldtanglejren.dk\\\/\"},{\"@type\":\"ListItem\",\"position\":2,\"name\":\"KONTAKT OS\"}]},{\"@type\":\"WebSite\",\"@id\":\"https:\\\/\\\/naldtanglejren.dk\\\/da_dk\\\/#website\",\"url\":\"https:\\\/\\\/naldtanglejren.dk\\\/da_dk\\\/\",\"name\":\"Naldtanglejren\",\"description\":\"Naldtanglejren\",\"potentialAction\":[{\"@type\":\"SearchAction\",\"target\":{\"@type\":\"EntryPoint\",\"urlTemplate\":\"https:\\\/\\\/naldtanglejren.dk\\\/da_dk\\\/?s={search_term_string}\"},\"query-input\":{\"@type\":\"PropertyValueSpecification\",\"valueRequired\":true,\"valueName\":\"search_term_string\"}}],\"inLanguage\":\"da-DK\"}]}<\/script>\n<!-- \/ Yoast SEO plugin. -->","yoast_head_json":{"title":"KONTAKT OS - Naldtanglejren","description":"Kontakt os meget gerne hvis du har sp\u00f8rgsm\u00e5l omkring udlejning, virksomhedsarrangementer, teambuilding eller naturvejledning.","robots":{"index":"index","follow":"follow","max-snippet":"max-snippet:-1","max-image-preview":"max-image-preview:large","max-video-preview":"max-video-preview:-1"},"canonical":"http:\/\/naldtanglejren.dk\/da_dk\/kontakt-os\/","og_locale":"da_DK","og_type":"article","og_title":"KONTAKT OS - Naldtanglejren","og_description":"Kontakt os meget gerne hvis du har sp\u00f8rgsm\u00e5l omkring udlejning, virksomhedsarrangementer, teambuilding eller naturvejledning.","og_url":"http:\/\/naldtanglejren.dk\/da_dk\/kontakt-os\/","og_site_name":"Naldtanglejren","article_modified_time":"2025-06-17T07:27:35+00:00","twitter_card":"summary_large_image","twitter_misc":{"Estimeret l\u00e6setid":"1 minut"},"schema":{"@context":"https:\/\/schema.org","@graph":[{"@type":"WebPage","@id":"http:\/\/naldtanglejren.dk\/de_de\/kontakt-os\/","url":"http:\/\/naldtanglejren.dk\/de_de\/kontakt-os\/","name":"KONTAKT OS - Naldtanglejren","isPartOf":{"@id":"https:\/\/naldtanglejren.dk\/da_dk\/#website"},"datePublished":"2022-03-02T08:00:47+00:00","dateModified":"2025-06-17T07:27:35+00:00","description":"Kontakt os meget gerne hvis du har sp\u00f8rgsm\u00e5l omkring udlejning, virksomhedsarrangementer, teambuilding eller naturvejledning.","breadcrumb":{"@id":"http:\/\/naldtanglejren.dk\/de_de\/kontakt-os\/#breadcrumb"},"inLanguage":"da-DK","potentialAction":[{"@type":"ReadAction","target":["http:\/\/naldtanglejren.dk\/de_de\/kontakt-os\/"]}]},{"@type":"BreadcrumbList","@id":"http:\/\/naldtanglejren.dk\/de_de\/kontakt-os\/#breadcrumb","itemListElement":[{"@type":"ListItem","position":1,"name":"Hjem","item":"https:\/\/naldtanglejren.dk\/"},{"@type":"ListItem","position":2,"name":"KONTAKT OS"}]},{"@type":"WebSite","@id":"https:\/\/naldtanglejren.dk\/da_dk\/#website","url":"https:\/\/naldtanglejren.dk\/da_dk\/","name":"Naldtanglejren","description":"Naldtanglejren","potentialAction":[{"@type":"SearchAction","target":{"@type":"EntryPoint","urlTemplate":"https:\/\/naldtanglejren.dk\/da_dk\/?s={search_term_string}"},"query-input":{"@type":"PropertyValueSpecification","valueRequired":true,"valueName":"search_term_string"}}],"inLanguage":"da-DK"}]}},"_links":{"self":[{"href":"https:\/\/naldtanglejren.dk\/da_dk\/wp-json\/wp\/v2\/pages\/52","targetHints":{"allow":["GET"]}}],"collection":[{"href":"https:\/\/naldtanglejren.dk\/da_dk\/wp-json\/wp\/v2\/pages"}],"about":[{"href":"https:\/\/naldtanglejren.dk\/da_dk\/wp-json\/wp\/v2\/types\/page"}],"author":[{"embeddable":true,"href":"https:\/\/naldtanglejren.dk\/da_dk\/wp-json\/wp\/v2\/users\/1"}],"replies":[{"embeddable":true,"href":"https:\/\/naldtanglejren.dk\/da_dk\/wp-json\/wp\/v2\/comments?post=52"}],"version-history":[{"count":19,"href":"https:\/\/naldtanglejren.dk\/da_dk\/wp-json\/wp\/v2\/pages\/52\/revisions"}],"predecessor-version":[{"id":731,"href":"https:\/\/naldtanglejren.dk\/da_dk\/wp-json\/wp\/v2\/pages\/52\/revisions\/731"}],"wp:attachment":[{"href":"https:\/\/naldtanglejren.dk\/da_dk\/wp-json\/wp\/v2\/media?parent=52"}],"curies":[{"name":"wp","href":"https:\/\/api.w.org\/{rel}","templated":true}]}}