{"id":22,"date":"2022-03-02T07:51:03","date_gmt":"2022-03-02T07:51:03","guid":{"rendered":"https:\/\/naldtanglejren.dk\/?page_id=22"},"modified":"2022-03-23T07:52:46","modified_gmt":"2022-03-23T07:52:46","slug":"sovebygningen","status":"publish","type":"page","link":"https:\/\/naldtanglejren.dk\/de_de\/sovebygningen\/","title":{"rendered":"SCHLAFR\u00c4UME"},"content":{"rendered":"<p>[et_pb_section fb_built=&#8221;1&#8243; _builder_version=&#8221;4.14.8&#8243; _module_preset=&#8221;default&#8221; background_image=&#8221;https:\/\/naldtanglejren.dk\/wp-content\/uploads\/2022\/03\/SovebygningHeader.jpg&#8221; height=&#8221;373px&#8221; height_tablet=&#8221;373px&#8221; height_phone=&#8221;265px&#8221; height_last_edited=&#8221;on|phone&#8221; custom_padding=&#8221;||||false|false&#8221; global_colors_info=&#8221;{}&#8221;][et_pb_row _builder_version=&#8221;4.14.8&#8243; _module_preset=&#8221;default&#8221; global_colors_info=&#8221;{}&#8221;][et_pb_column type=&#8221;4_4&#8243; _builder_version=&#8221;4.14.8&#8243; _module_preset=&#8221;default&#8221; global_colors_info=&#8221;{}&#8221;][et_pb_text _builder_version=&#8221;4.14.8&#8243; _module_preset=&#8221;default&#8221; header_font=&#8221;Dubar extra bold||||||||&#8221; header_text_align=&#8221;center&#8221; header_text_color=&#8221;#FFFFFF&#8221; header_font_size=&#8221;60px&#8221; header_font_size_tablet=&#8221;60px&#8221; header_font_size_phone=&#8221;30px&#8221; header_font_size_last_edited=&#8221;on|phone&#8221; global_colors_info=&#8221;{}&#8221;]<\/p>\n<h1>SOVEBYGNINGEN<\/h1>\n<p>[\/et_pb_text][\/et_pb_column][\/et_pb_row][\/et_pb_section][et_pb_section fb_built=&#8221;1&#8243; _builder_version=&#8221;4.14.8&#8243; _module_preset=&#8221;default&#8221; background_color=&#8221;#e2e6bc&#8221; custom_margin=&#8221;||||false|false&#8221; custom_padding=&#8221;1px||||false|false&#8221; top_divider_style=&#8221;arrow2&#8243; top_divider_color=&#8221;#808b23&#8243; top_divider_repeat=&#8221;1x&#8221; bottom_divider_style=&#8221;arrow2&#8243; bottom_divider_color=&#8221;#808b23&#8243; global_colors_info=&#8221;{}&#8221;][et_pb_row column_structure=&#8221;1_2,1_2&#8243; _builder_version=&#8221;4.14.8&#8243; _module_preset=&#8221;default&#8221; min_height=&#8221;499px&#8221; min_height_tablet=&#8221;800px&#8221; min_height_phone=&#8221;875px&#8221; min_height_last_edited=&#8221;on|tablet&#8221; custom_margin=&#8221;115px||30px||false|false&#8221; global_colors_info=&#8221;{}&#8221;][et_pb_column type=&#8221;1_2&#8243; _builder_version=&#8221;4.14.8&#8243; _module_preset=&#8221;default&#8221; global_colors_info=&#8221;{}&#8221;][et_pb_text _builder_version=&#8221;4.14.8&#8243; _module_preset=&#8221;default&#8221; text_font=&#8221;Dunbar regular||||||||&#8221; text_line_height=&#8221;2em&#8221; link_font=&#8221;Dunbar regular||||on|||#808b23|&#8221; link_text_color=&#8221;#808b23&#8243; header_font=&#8221;Dubar extra bold||||||||&#8221; header_text_color=&#8221;#808b23&#8243; header_4_font=&#8221;Dunbar regular||||||||&#8221; header_4_text_color=&#8221;#808b23&#8243; custom_margin_tablet=&#8221;||30px||false|false&#8221; custom_margin_phone=&#8221;||30px||false|false&#8221; custom_margin_last_edited=&#8221;on|tablet&#8221; global_colors_info=&#8221;{}&#8221;]<\/p>\n<h1>SOVEBYGNINGEN<\/h1>\n<p>I sovebygningen er der i stueplan 6 soverum. Der er 5 senge i hvert rum og alle rum har eget toilet og bad.<\/p>\n<p>P\u00e5 f\u00f8rste sal, som tilg\u00e5s via en trappe, er der en sovesal med 18 senge samt 2 soverum med 4 senge i hvert rum. Der er toiletter p\u00e5 gangen.<\/p>\n<p>Derudover er der i sovebygningen 2 dejlige opholdsrum med udsigt over fjorden, der ved arrangementer og lignende kan bruges som grupperum.<\/p>\n<p>Baderum og handicaptoilet m\/bad findes i stueplan.<\/p>\n<p>[\/et_pb_text][\/et_pb_column][et_pb_column type=&#8221;1_2&#8243; _builder_version=&#8221;4.14.8&#8243; _module_preset=&#8221;default&#8221; global_colors_info=&#8221;{}&#8221;][et_pb_image src=&#8221;https:\/\/naldtanglejren.dk\/wp-content\/uploads\/2022\/03\/Sovebygning3.jpg&#8221; alt=&#8221;Sovesalen ovenp\u00e5&#8221; title_text=&#8221;Sovebygning3&#8243; _builder_version=&#8221;4.14.8&#8243; _module_preset=&#8221;default&#8221; positioning=&#8221;relative&#8221; vertical_offset=&#8221;113px&#8221; horizontal_offset=&#8221;277px&#8221; vertical_offset_tablet=&#8221;113px&#8221; vertical_offset_phone=&#8221;71px&#8221; vertical_offset_last_edited=&#8221;on|phone&#8221; horizontal_offset_tablet=&#8221;277px&#8221; horizontal_offset_phone=&#8221;121px&#8221; horizontal_offset_last_edited=&#8221;on|phone&#8221; max_width=&#8221;220px&#8221; max_width_tablet=&#8221;220px&#8221; max_width_phone=&#8221;175px&#8221; max_width_last_edited=&#8221;on|phone&#8221; height=&#8221;220px&#8221; height_tablet=&#8221;220px&#8221; height_phone=&#8221;175px&#8221; height_last_edited=&#8221;on|phone&#8221; border_radii=&#8221;on|1000px|1000px|1000px|1000px&#8221; box_shadow_style=&#8221;preset2&#8243; global_colors_info=&#8221;{}&#8221;][\/et_pb_image][et_pb_image src=&#8221;https:\/\/naldtanglejren.dk\/wp-content\/uploads\/2022\/03\/Sovebygning2.jpg&#8221; alt=&#8221;Et af v\u00e6relserne nedenunder&#8221; title_text=&#8221;Sovebygning2&#8243; _builder_version=&#8221;4.14.8&#8243; _module_preset=&#8221;default&#8221; positioning=&#8221;absolute&#8221; vertical_offset=&#8221;18px&#8221; horizontal_offset=&#8221;128px&#8221; horizontal_offset_tablet=&#8221;128px&#8221; horizontal_offset_phone=&#8221;4px&#8221; horizontal_offset_last_edited=&#8221;on|phone&#8221; width=&#8221;100%&#8221; max_width=&#8221;195px&#8221; max_width_tablet=&#8221;195px&#8221; max_width_phone=&#8221;150px&#8221; max_width_last_edited=&#8221;on|phone&#8221; height=&#8221;195px&#8221; height_tablet=&#8221;195px&#8221; height_phone=&#8221;150px&#8221; height_last_edited=&#8221;on|phone&#8221; border_radii=&#8221;on|1000px|1000px|1000px|1000px&#8221; box_shadow_style=&#8221;preset2&#8243; global_colors_info=&#8221;{}&#8221;][\/et_pb_image][et_pb_image src=&#8221;https:\/\/naldtanglejren.dk\/wp-content\/uploads\/2022\/03\/Sovebygning4.jpg&#8221; alt=&#8221;Opholdsrummet nedenunder&#8221; title_text=&#8221;Sovebygning4&#8243; _builder_version=&#8221;4.14.8&#8243; _module_preset=&#8221;default&#8221; positioning=&#8221;absolute&#8221; vertical_offset=&#8221;243px&#8221; horizontal_offset=&#8221;151px&#8221; vertical_offset_tablet=&#8221;243px&#8221; vertical_offset_phone=&#8221;188px&#8221; vertical_offset_last_edited=&#8221;on|phone&#8221; horizontal_offset_tablet=&#8221;151px&#8221; horizontal_offset_phone=&#8221;37px&#8221; horizontal_offset_last_edited=&#8221;on|phone&#8221; width=&#8221;100%&#8221; max_width=&#8221;180px&#8221; max_width_tablet=&#8221;180px&#8221; max_width_phone=&#8221;135px&#8221; max_width_last_edited=&#8221;on|phone&#8221; height=&#8221;180px&#8221; height_tablet=&#8221;180px&#8221; height_phone=&#8221;135px&#8221; height_last_edited=&#8221;on|phone&#8221; border_radii=&#8221;on|1000px|1000px|1000px|1000px&#8221; box_shadow_style=&#8221;preset2&#8243; global_colors_info=&#8221;{}&#8221;][\/et_pb_image][et_pb_image src=&#8221;https:\/\/naldtanglejren.dk\/wp-content\/uploads\/2022\/03\/Sovebygning5.jpg&#8221; alt=&#8221;Et af v\u00e6relserne med fuglenavne p\u00e5 d\u00f8ren&#8221; title_text=&#8221;Sovebygning5&#8243; _builder_version=&#8221;4.14.8&#8243; _module_preset=&#8221;default&#8221; positioning=&#8221;absolute&#8221; vertical_offset=&#8221;306px&#8221; horizontal_offset=&#8221;357px&#8221; vertical_offset_tablet=&#8221;306px&#8221; vertical_offset_phone=&#8221;230px&#8221; vertical_offset_last_edited=&#8221;on|phone&#8221; horizontal_offset_tablet=&#8221;357px&#8221; horizontal_offset_phone=&#8221;199px&#8221; horizontal_offset_last_edited=&#8221;on|phone&#8221; width=&#8221;100%&#8221; max_width=&#8221;140px&#8221; max_width_tablet=&#8221;140px&#8221; max_width_phone=&#8221;95px&#8221; max_width_last_edited=&#8221;on|phone&#8221; height=&#8221;140px&#8221; height_tablet=&#8221;140px&#8221; height_phone=&#8221;95px&#8221; height_last_edited=&#8221;on|phone&#8221; border_radii=&#8221;on|1000px|1000px|1000px|1000px&#8221; box_shadow_style=&#8221;preset2&#8243; global_colors_info=&#8221;{}&#8221;][\/et_pb_image][et_pb_image src=&#8221;https:\/\/naldtanglejren.dk\/wp-content\/uploads\/2022\/03\/Sovebygning1.jpg&#8221; alt=&#8221;Badev\u00e6rlse&#8221; title_text=&#8221;Sovebygning1&#8243; _builder_version=&#8221;4.14.8&#8243; _module_preset=&#8221;default&#8221; positioning=&#8221;absolute&#8221; vertical_offset=&#8221;-25px&#8221; horizontal_offset=&#8221;340px&#8221; horizontal_offset_tablet=&#8221;340px&#8221; horizontal_offset_phone=&#8221;183px&#8221; horizontal_offset_last_edited=&#8221;on|phone&#8221; width=&#8221;100%&#8221; max_width=&#8221;155px&#8221; max_width_tablet=&#8221;155px&#8221; max_width_phone=&#8221;105px&#8221; max_width_last_edited=&#8221;on|phone&#8221; height=&#8221;155px&#8221; height_tablet=&#8221;155px&#8221; height_phone=&#8221;105px&#8221; height_last_edited=&#8221;on|phone&#8221; border_radii=&#8221;on|1000px|1000px|1000px|1000px&#8221; box_shadow_style=&#8221;preset2&#8243; global_colors_info=&#8221;{}&#8221;][\/et_pb_image][\/et_pb_column][\/et_pb_row][\/et_pb_section][et_pb_section fb_built=&#8221;1&#8243; _builder_version=&#8221;4.14.8&#8243; _module_preset=&#8221;default&#8221; background_color=&#8221;#808b23&#8243; bottom_divider_style=&#8221;arrow2&#8243; bottom_divider_color=&#8221;#4d4d4d&#8221; global_colors_info=&#8221;{}&#8221;][et_pb_row _builder_version=&#8221;4.14.8&#8243; _module_preset=&#8221;default&#8221; width=&#8221;41%&#8221; width_tablet=&#8221;75%&#8221; width_phone=&#8221;75%&#8221; width_last_edited=&#8221;on|tablet&#8221; global_colors_info=&#8221;{}&#8221;][et_pb_column type=&#8221;4_4&#8243; _builder_version=&#8221;4.14.8&#8243; _module_preset=&#8221;default&#8221; global_colors_info=&#8221;{}&#8221;][et_pb_text _builder_version=&#8221;4.14.8&#8243; _module_preset=&#8221;default&#8221; header_font=&#8221;Dubar extra bold||||||||&#8221; header_text_color=&#8221;#FFFFFF&#8221; header_2_font=&#8221;Dubar extra bold||||||||&#8221; header_2_text_color=&#8221;#FFFFFF&#8221; header_font_size_tablet=&#8221;&#8221; header_font_size_phone=&#8221;25px&#8221; header_font_size_last_edited=&#8221;on|phone&#8221; global_colors_info=&#8221;{}&#8221;]<\/p>\n<h1 style=\"text-align: center;\">SE FLERE BILLEDER FRA SOVEBYGNINGEN<\/h1>\n<p>[\/et_pb_text][et_pb_slider use_bg_overlay=&#8221;off&#8221; use_text_overlay=&#8221;off&#8221; _builder_version=&#8221;4.14.8&#8243; _module_preset=&#8221;default&#8221; max_width=&#8221;795px&#8221; max_width_tablet=&#8221;725px&#8221; max_width_phone=&#8221;100%&#8221; max_width_last_edited=&#8221;on|tablet&#8221; min_height=&#8221;450px&#8221; min_height_tablet=&#8221;430px&#8221; min_height_phone=&#8221;210px&#8221; min_height_last_edited=&#8221;on|tablet&#8221; max_height=&#8221;450px&#8221; auto=&#8221;on&#8221; auto_speed=&#8221;5000&#8243; box_shadow_style=&#8221;preset2&#8243; global_colors_info=&#8221;{}&#8221;][et_pb_slide _builder_version=&#8221;4.14.8&#8243; _module_preset=&#8221;default&#8221; background_image=&#8221;https:\/\/naldtanglejren.dk\/wp-content\/uploads\/2022\/03\/SovebygningGalleri1.jpg&#8221; background_enable_image=&#8221;on&#8221; global_colors_info=&#8221;{}&#8221; sticky_transition=&#8221;on&#8221;][\/et_pb_slide][et_pb_slide _builder_version=&#8221;4.14.8&#8243; _module_preset=&#8221;default&#8221; background_image=&#8221;https:\/\/naldtanglejren.dk\/wp-content\/uploads\/2022\/03\/SovebygningGalleri2.jpg&#8221; background_enable_image=&#8221;on&#8221; global_colors_info=&#8221;{}&#8221; sticky_transition=&#8221;on&#8221;][\/et_pb_slide][et_pb_slide _builder_version=&#8221;4.14.8&#8243; _module_preset=&#8221;default&#8221; background_image=&#8221;https:\/\/naldtanglejren.dk\/wp-content\/uploads\/2022\/03\/SovebygningGalleri3.jpg&#8221; background_enable_image=&#8221;on&#8221; global_colors_info=&#8221;{}&#8221; sticky_transition=&#8221;on&#8221;][\/et_pb_slide][et_pb_slide _builder_version=&#8221;4.14.8&#8243; _module_preset=&#8221;default&#8221; background_image=&#8221;https:\/\/naldtanglejren.dk\/wp-content\/uploads\/2022\/03\/SovebygningGalleri4.jpg&#8221; background_enable_image=&#8221;on&#8221; global_colors_info=&#8221;{}&#8221; sticky_transition=&#8221;on&#8221;][\/et_pb_slide][et_pb_slide _builder_version=&#8221;4.14.8&#8243; _module_preset=&#8221;default&#8221; background_image=&#8221;https:\/\/naldtanglejren.dk\/wp-content\/uploads\/2022\/03\/SovebygningGalleri5.jpg&#8221; background_enable_image=&#8221;on&#8221; global_colors_info=&#8221;{}&#8221; sticky_transition=&#8221;on&#8221;][\/et_pb_slide][et_pb_slide _builder_version=&#8221;4.14.8&#8243; _module_preset=&#8221;default&#8221; background_image=&#8221;https:\/\/naldtanglejren.dk\/wp-content\/uploads\/2022\/03\/SovebygningGalleri6.jpg&#8221; background_enable_image=&#8221;on&#8221; global_colors_info=&#8221;{}&#8221; sticky_transition=&#8221;on&#8221;][\/et_pb_slide][et_pb_slide _builder_version=&#8221;4.14.8&#8243; _module_preset=&#8221;default&#8221; background_image=&#8221;https:\/\/naldtanglejren.dk\/wp-content\/uploads\/2022\/03\/SovebygningGalleri7.jpg&#8221; background_enable_image=&#8221;on&#8221; global_colors_info=&#8221;{}&#8221; sticky_transition=&#8221;on&#8221;][\/et_pb_slide][et_pb_slide _builder_version=&#8221;4.14.8&#8243; _module_preset=&#8221;default&#8221; background_image=&#8221;https:\/\/naldtanglejren.dk\/wp-content\/uploads\/2022\/03\/SovebygningGalleri8.jpg&#8221; background_enable_image=&#8221;on&#8221; global_colors_info=&#8221;{}&#8221; sticky_transition=&#8221;on&#8221;][\/et_pb_slide][et_pb_slide _builder_version=&#8221;4.14.8&#8243; _module_preset=&#8221;default&#8221; background_image=&#8221;https:\/\/naldtanglejren.dk\/wp-content\/uploads\/2022\/03\/SovebygningGalleri9.jpg&#8221; background_enable_image=&#8221;on&#8221; global_colors_info=&#8221;{}&#8221; sticky_transition=&#8221;on&#8221;][\/et_pb_slide][et_pb_slide _builder_version=&#8221;4.14.8&#8243; _module_preset=&#8221;default&#8221; background_image=&#8221;https:\/\/naldtanglejren.dk\/wp-content\/uploads\/2022\/03\/SovebygningGalleri10.jpg&#8221; background_enable_image=&#8221;on&#8221; global_colors_info=&#8221;{}&#8221; sticky_transition=&#8221;on&#8221;][\/et_pb_slide][et_pb_slide _builder_version=&#8221;4.14.8&#8243; _module_preset=&#8221;default&#8221; background_image=&#8221;https:\/\/naldtanglejren.dk\/wp-content\/uploads\/2022\/03\/SovebygningGalleri11.jpg&#8221; background_enable_image=&#8221;on&#8221; global_colors_info=&#8221;{}&#8221; sticky_transition=&#8221;on&#8221;][\/et_pb_slide][et_pb_slide _builder_version=&#8221;4.14.8&#8243; _module_preset=&#8221;default&#8221; background_image=&#8221;https:\/\/naldtanglejren.dk\/wp-content\/uploads\/2022\/03\/SovebygningGalleri12.jpg&#8221; background_enable_image=&#8221;on&#8221; global_colors_info=&#8221;{}&#8221; sticky_transition=&#8221;on&#8221;][\/et_pb_slide][\/et_pb_slider][et_pb_text _builder_version=&#8221;4.14.8&#8243; _module_preset=&#8221;default&#8221; text_font=&#8221;Dunbar regular||||||||&#8221; text_text_color=&#8221;#FFFFFF&#8221; text_orientation=&#8221;center&#8221; hover_enabled=&#8221;0&#8243; text_font_size_tablet=&#8221;&#8221; text_font_size_phone=&#8221;10px&#8221; text_font_size_last_edited=&#8221;on|phone&#8221; global_colors_info=&#8221;{}&#8221; sticky_enabled=&#8221;0&#8243;]<\/p>\n<p>Billeder af: Patrick Rohde.S\u0116ASID\u0116 FOLKS, A78 og FDDB<\/p>\n<p>[\/et_pb_text][\/et_pb_column][\/et_pb_row][\/et_pb_section]<\/p>\n","protected":false},"excerpt":{"rendered":"<p>SOVEBYGNINGENSOVEBYGNINGEN I sovebygningen er der i stueplan 6 soverum. Der er 5 senge i hvert rum og alle rum har eget toilet og bad. P\u00e5 f\u00f8rste sal, som tilg\u00e5s via en trappe, er der en sovesal med 18 senge samt 2 soverum med 4 senge i hvert rum. Der er toiletter p\u00e5 gangen. Derudover er [&hellip;]<\/p>\n","protected":false},"author":1,"featured_media":0,"parent":0,"menu_order":0,"comment_status":"closed","ping_status":"closed","template":"","meta":{"_et_pb_use_builder":"on","_et_pb_old_content":"","_et_gb_content_width":"","inline_featured_image":false,"footnotes":""},"class_list":["post-22","page","type-page","status-publish","hentry"],"yoast_head":"<!-- This site is optimized with the Yoast SEO plugin v27.3 - https:\/\/yoast.com\/product\/yoast-seo-wordpress\/ -->\n<title>SOVEBYGNINGEN - Naldtanglejren<\/title>\n<meta name=\"description\" content=\"I sovebygningen 6 soverum med eget toilet og bad, samt f\u00f8rstesal med en sovesal med 18 senge, 2 soverum med 4 senge, og toiletter p\u00e5 gangen.\" \/>\n<meta name=\"robots\" content=\"index, follow, max-snippet:-1, max-image-preview:large, max-video-preview:-1\" \/>\n<link rel=\"canonical\" href=\"http:\/\/naldtanglejren.dk\/de_de\/sovebygningen\/\" \/>\n<meta property=\"og:locale\" content=\"de_DE\" \/>\n<meta property=\"og:type\" content=\"article\" \/>\n<meta property=\"og:title\" content=\"SOVEBYGNINGEN - Naldtanglejren\" \/>\n<meta property=\"og:description\" content=\"I sovebygningen 6 soverum med eget toilet og bad, samt f\u00f8rstesal med en sovesal med 18 senge, 2 soverum med 4 senge, og toiletter p\u00e5 gangen.\" \/>\n<meta property=\"og:url\" content=\"http:\/\/naldtanglejren.dk\/de_de\/sovebygningen\/\" \/>\n<meta property=\"og:site_name\" content=\"Naldtanglejren\" \/>\n<meta property=\"article:modified_time\" content=\"2022-03-23T07:52:46+00:00\" \/>\n<meta name=\"twitter:card\" content=\"summary_large_image\" \/>\n<meta name=\"twitter:label1\" content=\"Gesch\u00e4tzte Lesezeit\" \/>\n\t<meta name=\"twitter:data1\" content=\"3\u00a0Minuten\" \/>\n<script type=\"application\/ld+json\" class=\"yoast-schema-graph\">{\"@context\":\"https:\\\/\\\/schema.org\",\"@graph\":[{\"@type\":\"WebPage\",\"@id\":\"http:\\\/\\\/naldtanglejren.dk\\\/de_de\\\/sovebygningen\\\/\",\"url\":\"http:\\\/\\\/naldtanglejren.dk\\\/de_de\\\/sovebygningen\\\/\",\"name\":\"SOVEBYGNINGEN - Naldtanglejren\",\"isPartOf\":{\"@id\":\"https:\\\/\\\/naldtanglejren.dk\\\/da_dk\\\/#website\"},\"datePublished\":\"2022-03-02T07:51:03+00:00\",\"dateModified\":\"2022-03-23T07:52:46+00:00\",\"description\":\"I sovebygningen 6 soverum med eget toilet og bad, samt f\u00f8rstesal med en sovesal med 18 senge, 2 soverum med 4 senge, og toiletter p\u00e5 gangen.\",\"breadcrumb\":{\"@id\":\"http:\\\/\\\/naldtanglejren.dk\\\/de_de\\\/sovebygningen\\\/#breadcrumb\"},\"inLanguage\":\"de\",\"potentialAction\":[{\"@type\":\"ReadAction\",\"target\":[\"http:\\\/\\\/naldtanglejren.dk\\\/de_de\\\/sovebygningen\\\/\"]}]},{\"@type\":\"BreadcrumbList\",\"@id\":\"http:\\\/\\\/naldtanglejren.dk\\\/de_de\\\/sovebygningen\\\/#breadcrumb\",\"itemListElement\":[{\"@type\":\"ListItem\",\"position\":1,\"name\":\"Hjem\",\"item\":\"https:\\\/\\\/naldtanglejren.dk\\\/\"},{\"@type\":\"ListItem\",\"position\":2,\"name\":\"SOVEBYGNINGEN\"}]},{\"@type\":\"WebSite\",\"@id\":\"https:\\\/\\\/naldtanglejren.dk\\\/da_dk\\\/#website\",\"url\":\"https:\\\/\\\/naldtanglejren.dk\\\/da_dk\\\/\",\"name\":\"Naldtanglejren\",\"description\":\"Naldtanglejren\",\"potentialAction\":[{\"@type\":\"SearchAction\",\"target\":{\"@type\":\"EntryPoint\",\"urlTemplate\":\"https:\\\/\\\/naldtanglejren.dk\\\/da_dk\\\/?s={search_term_string}\"},\"query-input\":{\"@type\":\"PropertyValueSpecification\",\"valueRequired\":true,\"valueName\":\"search_term_string\"}}],\"inLanguage\":\"de\"}]}<\/script>\n<!-- \/ Yoast SEO plugin. -->","yoast_head_json":{"title":"SOVEBYGNINGEN - Naldtanglejren","description":"I sovebygningen 6 soverum med eget toilet og bad, samt f\u00f8rstesal med en sovesal med 18 senge, 2 soverum med 4 senge, og toiletter p\u00e5 gangen.","robots":{"index":"index","follow":"follow","max-snippet":"max-snippet:-1","max-image-preview":"max-image-preview:large","max-video-preview":"max-video-preview:-1"},"canonical":"http:\/\/naldtanglejren.dk\/de_de\/sovebygningen\/","og_locale":"de_DE","og_type":"article","og_title":"SOVEBYGNINGEN - Naldtanglejren","og_description":"I sovebygningen 6 soverum med eget toilet og bad, samt f\u00f8rstesal med en sovesal med 18 senge, 2 soverum med 4 senge, og toiletter p\u00e5 gangen.","og_url":"http:\/\/naldtanglejren.dk\/de_de\/sovebygningen\/","og_site_name":"Naldtanglejren","article_modified_time":"2022-03-23T07:52:46+00:00","twitter_card":"summary_large_image","twitter_misc":{"Gesch\u00e4tzte Lesezeit":"3\u00a0Minuten"},"schema":{"@context":"https:\/\/schema.org","@graph":[{"@type":"WebPage","@id":"http:\/\/naldtanglejren.dk\/de_de\/sovebygningen\/","url":"http:\/\/naldtanglejren.dk\/de_de\/sovebygningen\/","name":"SOVEBYGNINGEN - Naldtanglejren","isPartOf":{"@id":"https:\/\/naldtanglejren.dk\/da_dk\/#website"},"datePublished":"2022-03-02T07:51:03+00:00","dateModified":"2022-03-23T07:52:46+00:00","description":"I sovebygningen 6 soverum med eget toilet og bad, samt f\u00f8rstesal med en sovesal med 18 senge, 2 soverum med 4 senge, og toiletter p\u00e5 gangen.","breadcrumb":{"@id":"http:\/\/naldtanglejren.dk\/de_de\/sovebygningen\/#breadcrumb"},"inLanguage":"de","potentialAction":[{"@type":"ReadAction","target":["http:\/\/naldtanglejren.dk\/de_de\/sovebygningen\/"]}]},{"@type":"BreadcrumbList","@id":"http:\/\/naldtanglejren.dk\/de_de\/sovebygningen\/#breadcrumb","itemListElement":[{"@type":"ListItem","position":1,"name":"Hjem","item":"https:\/\/naldtanglejren.dk\/"},{"@type":"ListItem","position":2,"name":"SOVEBYGNINGEN"}]},{"@type":"WebSite","@id":"https:\/\/naldtanglejren.dk\/da_dk\/#website","url":"https:\/\/naldtanglejren.dk\/da_dk\/","name":"\u2192 Naltanglager","description":"\u2192 Naltanglager","potentialAction":[{"@type":"SearchAction","target":{"@type":"EntryPoint","urlTemplate":"https:\/\/naldtanglejren.dk\/da_dk\/?s={search_term_string}"},"query-input":{"@type":"PropertyValueSpecification","valueRequired":true,"valueName":"search_term_string"}}],"inLanguage":"de"}]}},"_links":{"self":[{"href":"https:\/\/naldtanglejren.dk\/de_de\/wp-json\/wp\/v2\/pages\/22","targetHints":{"allow":["GET"]}}],"collection":[{"href":"https:\/\/naldtanglejren.dk\/de_de\/wp-json\/wp\/v2\/pages"}],"about":[{"href":"https:\/\/naldtanglejren.dk\/de_de\/wp-json\/wp\/v2\/types\/page"}],"author":[{"embeddable":true,"href":"https:\/\/naldtanglejren.dk\/de_de\/wp-json\/wp\/v2\/users\/1"}],"replies":[{"embeddable":true,"href":"https:\/\/naldtanglejren.dk\/de_de\/wp-json\/wp\/v2\/comments?post=22"}],"version-history":[{"count":11,"href":"https:\/\/naldtanglejren.dk\/de_de\/wp-json\/wp\/v2\/pages\/22\/revisions"}],"predecessor-version":[{"id":591,"href":"https:\/\/naldtanglejren.dk\/de_de\/wp-json\/wp\/v2\/pages\/22\/revisions\/591"}],"wp:attachment":[{"href":"https:\/\/naldtanglejren.dk\/de_de\/wp-json\/wp\/v2\/media?parent=22"}],"curies":[{"name":"wp","href":"https:\/\/api.w.org\/{rel}","templated":true}]}}