{"id":43,"date":"2022-03-02T07:59:24","date_gmt":"2022-03-02T07:59:24","guid":{"rendered":"https:\/\/naldtanglejren.dk\/?page_id=43"},"modified":"2025-08-22T10:10:59","modified_gmt":"2025-08-22T10:10:59","slug":"tusindfryd","status":"publish","type":"page","link":"https:\/\/naldtanglejren.dk\/de_de\/tusindfryd\/","title":{"rendered":"TUSINDFRYD"},"content":{"rendered":"<p>[et_pb_section fb_built=&#8221;1&#8243; _builder_version=&#8221;4.24.0&#8243; _module_preset=&#8221;default&#8221; background_image=&#8221;https:\/\/naldtanglejren.dk\/wp-content\/uploads\/2022\/03\/TusindfrydHeader.jpg&#8221; height=&#8221;373px&#8221; height_tablet=&#8221;373px&#8221; height_phone=&#8221;265px&#8221; height_last_edited=&#8221;on|phone&#8221; custom_padding=&#8221;||||false|false&#8221; global_colors_info=&#8221;{}&#8221;][et_pb_row _builder_version=&#8221;4.16&#8243; _module_preset=&#8221;default&#8221; global_colors_info=&#8221;{}&#8221;][et_pb_column type=&#8221;4_4&#8243; _builder_version=&#8221;4.16&#8243; _module_preset=&#8221;default&#8221; global_colors_info=&#8221;{}&#8221;][et_pb_text _builder_version=&#8221;4.16&#8243; _module_preset=&#8221;default&#8221; header_font=&#8221;Dubar extra bold||||||||&#8221; header_text_align=&#8221;center&#8221; header_text_color=&#8221;#FFFFFF&#8221; header_font_size=&#8221;60px&#8221; header_font_size_tablet=&#8221;60px&#8221; header_font_size_phone=&#8221;30px&#8221; header_font_size_last_edited=&#8221;on|phone&#8221; global_colors_info=&#8221;{}&#8221;]<\/p>\n<h1>TUSINDFRYD<\/h1>\n<p>[\/et_pb_text][\/et_pb_column][\/et_pb_row][\/et_pb_section][et_pb_section fb_built=&#8221;1&#8243; _builder_version=&#8221;4.16&#8243; _module_preset=&#8221;default&#8221; background_color=&#8221;#e2e6bc&#8221; custom_margin=&#8221;||||false|false&#8221; custom_padding=&#8221;1px||||false|false&#8221; top_divider_style=&#8221;arrow2&#8243; top_divider_color=&#8221;#808b23&#8243; top_divider_repeat=&#8221;1x&#8221; bottom_divider_style=&#8221;arrow2&#8243; bottom_divider_color=&#8221;#808b23&#8243; global_colors_info=&#8221;{}&#8221;][et_pb_row column_structure=&#8221;1_2,1_2&#8243; _builder_version=&#8221;4.16&#8243; _module_preset=&#8221;default&#8221; min_height=&#8221;499px&#8221; min_height_tablet=&#8221;974px&#8221; min_height_phone=&#8221;auto&#8221; min_height_last_edited=&#8221;on|phone&#8221; height_tablet=&#8221;&#8221; height_phone=&#8221;1154px&#8221; height_last_edited=&#8221;on|desktop&#8221; custom_margin=&#8221;115px||||false|false&#8221; global_colors_info=&#8221;{}&#8221;][et_pb_column type=&#8221;1_2&#8243; _builder_version=&#8221;4.16&#8243; _module_preset=&#8221;default&#8221; global_colors_info=&#8221;{}&#8221;][et_pb_text _builder_version=&#8221;4.27.4&#8243; _module_preset=&#8221;default&#8221; text_font=&#8221;Dunbar regular||||||||&#8221; text_line_height=&#8221;2em&#8221; link_font=&#8221;Dunbar bold||||on||||&#8221; link_text_color=&#8221;#808b23&#8243; header_font=&#8221;Dubar extra bold||||||||&#8221; header_text_color=&#8221;#808b23&#8243; header_4_font=&#8221;Dunbar regular||||||||&#8221; header_4_text_color=&#8221;#808b23&#8243; custom_margin_tablet=&#8221;||30px||false|false&#8221; custom_margin_phone=&#8221;||30px||false|false&#8221; custom_margin_last_edited=&#8221;on|tablet&#8221; hover_enabled=&#8221;0&#8243; global_colors_info=&#8221;{}&#8221; sticky_enabled=&#8221;0&#8243;]<\/p>\n<h1>\u00a0<\/h1>\n<h1>TUSINDFRYD<\/h1>\n<h4>ET FRISTED I NATUREN<\/h4>\n<p>I sk\u00f8nne omgivelser,\u00a0 syd for Naldtanglejren, ligger det natursk\u00f8nne omr\u00e5de Tusindfryd.<\/p>\n<p>Historisk set har Tusindfryd v\u00e6ret et sted, der var ejet af FDDB i sameje med flere af de selvejende fritidshjem i Aabenraa Kommune. I forbindelse med den seneste kommunalreform, hvor fritidshjemmene blev nedlagt, overgik ejerskabet til FDDB.<\/p>\n<p>Tusindfryd har altid v\u00e6ret et fristed, hvor b\u00f8rn kunne komme t\u00e6t p\u00e5 strand og vand. Derfor er Tusindfryd forbeholdt FDDB\u00b4s medlemsinstitutioner, men kan ogs\u00e5 benyttes som opholdssted for grupper af b\u00f8rn og unge, efter forudg\u00e5ende aftale med sekretariatet. Der er ogs\u00e5 mulighed for friluftsmennesker at overnatte i shelter og nyde naturen og omr\u00e5det, n\u00e5r ikke den benyttes af andre.<\/p>\n<p>[\/et_pb_text][\/et_pb_column][et_pb_column type=&#8221;1_2&#8243; _builder_version=&#8221;4.16&#8243; _module_preset=&#8221;default&#8221; global_colors_info=&#8221;{}&#8221;][et_pb_image src=&#8221;https:\/\/naldtanglejren.dk\/wp-content\/uploads\/2022\/03\/Tusindfryd3.jpg&#8221; alt=&#8221;B\u00f8rn kigger p\u00e5 dyr fra vandet&#8221; title_text=&#8221;Tusindfryd3&#8243; _builder_version=&#8221;4.16&#8243; _module_preset=&#8221;default&#8221; positioning=&#8221;relative&#8221; vertical_offset=&#8221;113px&#8221; horizontal_offset=&#8221;277px&#8221; vertical_offset_tablet=&#8221;113px&#8221; vertical_offset_phone=&#8221;71px&#8221; vertical_offset_last_edited=&#8221;on|phone&#8221; horizontal_offset_tablet=&#8221;277px&#8221; horizontal_offset_phone=&#8221;121px&#8221; horizontal_offset_last_edited=&#8221;on|desktop&#8221; max_width=&#8221;220px&#8221; max_width_tablet=&#8221;220px&#8221; max_width_phone=&#8221;175px&#8221; max_width_last_edited=&#8221;on|phone&#8221; height=&#8221;220px&#8221; height_tablet=&#8221;220px&#8221; height_phone=&#8221;175px&#8221; height_last_edited=&#8221;on|phone&#8221; border_radii=&#8221;on|1000px|1000px|1000px|1000px&#8221; box_shadow_style=&#8221;preset2&#8243; global_colors_info=&#8221;{}&#8221;][\/et_pb_image][et_pb_image src=&#8221;https:\/\/naldtanglejren.dk\/wp-content\/uploads\/2022\/03\/Tusindfryd2.jpg&#8221; alt=&#8221;B\u00f8rn der bygger store stakke med sten&#8221; title_text=&#8221;Tusindfryd2&#8243; _builder_version=&#8221;4.16&#8243; _module_preset=&#8221;default&#8221; positioning=&#8221;absolute&#8221; vertical_offset=&#8221;18px&#8221; horizontal_offset=&#8221;128px&#8221; horizontal_offset_tablet=&#8221;128px&#8221; horizontal_offset_phone=&#8221;4px&#8221; horizontal_offset_last_edited=&#8221;on|phone&#8221; width=&#8221;100%&#8221; max_width=&#8221;195px&#8221; max_width_tablet=&#8221;195px&#8221; max_width_phone=&#8221;150px&#8221; max_width_last_edited=&#8221;on|phone&#8221; height=&#8221;195px&#8221; height_tablet=&#8221;195px&#8221; height_phone=&#8221;150px&#8221; height_last_edited=&#8221;on|phone&#8221; border_radii=&#8221;on|1000px|1000px|1000px|1000px&#8221; box_shadow_style=&#8221;preset2&#8243; global_colors_info=&#8221;{}&#8221;][\/et_pb_image][et_pb_image src=&#8221;https:\/\/naldtanglejren.dk\/wp-content\/uploads\/2022\/03\/Tusindfryd4.jpg&#8221; alt=&#8221;Glade b\u00f8rn med fiskenet og vaders i vandet&#8221; title_text=&#8221;Tusindfryd4&#8243; _builder_version=&#8221;4.16&#8243; _module_preset=&#8221;default&#8221; positioning=&#8221;absolute&#8221; vertical_offset=&#8221;243px&#8221; horizontal_offset=&#8221;151px&#8221; vertical_offset_tablet=&#8221;243px&#8221; vertical_offset_phone=&#8221;188px&#8221; vertical_offset_last_edited=&#8221;on|phone&#8221; horizontal_offset_tablet=&#8221;151px&#8221; horizontal_offset_phone=&#8221;37px&#8221; horizontal_offset_last_edited=&#8221;on|phone&#8221; width=&#8221;100%&#8221; max_width=&#8221;180px&#8221; max_width_tablet=&#8221;180px&#8221; max_width_phone=&#8221;135px&#8221; max_width_last_edited=&#8221;on|phone&#8221; height=&#8221;180px&#8221; height_tablet=&#8221;180px&#8221; height_phone=&#8221;135px&#8221; height_last_edited=&#8221;on|phone&#8221; border_radii=&#8221;on|1000px|1000px|1000px|1000px&#8221; box_shadow_style=&#8221;preset2&#8243; global_colors_info=&#8221;{}&#8221;][\/et_pb_image][et_pb_image src=&#8221;https:\/\/naldtanglejren.dk\/wp-content\/uploads\/2022\/03\/Tusindfryd5.jpg&#8221; alt=&#8221;Tusindfryds faciliteter fra oven&#8221; title_text=&#8221;Tusindfryd5&#8243; _builder_version=&#8221;4.16&#8243; _module_preset=&#8221;default&#8221; positioning=&#8221;absolute&#8221; vertical_offset=&#8221;306px&#8221; horizontal_offset=&#8221;357px&#8221; vertical_offset_tablet=&#8221;306px&#8221; vertical_offset_phone=&#8221;230px&#8221; vertical_offset_last_edited=&#8221;on|phone&#8221; horizontal_offset_tablet=&#8221;357px&#8221; horizontal_offset_phone=&#8221;199px&#8221; horizontal_offset_last_edited=&#8221;on|phone&#8221; width=&#8221;100%&#8221; max_width=&#8221;140px&#8221; max_width_tablet=&#8221;140px&#8221; max_width_phone=&#8221;95px&#8221; max_width_last_edited=&#8221;on|phone&#8221; height=&#8221;140px&#8221; height_tablet=&#8221;140px&#8221; height_phone=&#8221;95px&#8221; height_last_edited=&#8221;on|phone&#8221; border_radii=&#8221;on|1000px|1000px|1000px|1000px&#8221; box_shadow_style=&#8221;preset2&#8243; global_colors_info=&#8221;{}&#8221;][\/et_pb_image][et_pb_image src=&#8221;https:\/\/naldtanglejren.dk\/wp-content\/uploads\/2022\/03\/Tusindfryd1.jpg&#8221; alt=&#8221;Faciliteterne ved Tusindfryd&#8221; title_text=&#8221;Tusindfryd1&#8243; _builder_version=&#8221;4.16&#8243; _module_preset=&#8221;default&#8221; positioning=&#8221;absolute&#8221; vertical_offset=&#8221;-25px&#8221; horizontal_offset=&#8221;340px&#8221; horizontal_offset_tablet=&#8221;340px&#8221; horizontal_offset_phone=&#8221;183px&#8221; horizontal_offset_last_edited=&#8221;on|phone&#8221; width=&#8221;100%&#8221; max_width=&#8221;155px&#8221; max_width_tablet=&#8221;155px&#8221; max_width_phone=&#8221;105px&#8221; max_width_last_edited=&#8221;on|phone&#8221; height=&#8221;155px&#8221; height_tablet=&#8221;155px&#8221; height_phone=&#8221;105px&#8221; height_last_edited=&#8221;on|phone&#8221; border_radii=&#8221;on|1000px|1000px|1000px|1000px&#8221; box_shadow_style=&#8221;preset2&#8243; global_colors_info=&#8221;{}&#8221;][\/et_pb_image][\/et_pb_column][\/et_pb_row][et_pb_row _builder_version=&#8221;4.16&#8243; _module_preset=&#8221;default&#8221; custom_margin_tablet=&#8221;||30px||false|false&#8221; custom_margin_phone=&#8221;||30px||false|false&#8221; custom_margin_last_edited=&#8221;on|tablet&#8221; global_colors_info=&#8221;{}&#8221;][et_pb_column type=&#8221;4_4&#8243; _builder_version=&#8221;4.16&#8243; _module_preset=&#8221;default&#8221; global_colors_info=&#8221;{}&#8221;][et_pb_text _builder_version=&#8221;4.16&#8243; _module_preset=&#8221;default&#8221; text_text_color=&#8221;#FFFFFF&#8221; header_font=&#8221;Dubar extra bold||||||||&#8221; header_text_color=&#8221;#808b23&#8243; text_orientation=&#8221;center&#8221; global_colors_info=&#8221;{}&#8221;]<\/p>\n<h1>SE VIDEO FRA TUSINDFRYD<\/h1>\n<p>[\/et_pb_text][et_pb_video src=&#8221;https:\/\/www.youtube.com\/watch?v=1lrAVrFPf84&#8243; _builder_version=&#8221;4.16&#8243; _module_preset=&#8221;default&#8221; width=&#8221;60%&#8221; width_tablet=&#8221;80%&#8221; width_phone=&#8221;80%&#8221; width_last_edited=&#8221;on|tablet&#8221; module_alignment=&#8221;center&#8221; global_colors_info=&#8221;{}&#8221;][\/et_pb_video][\/et_pb_column][\/et_pb_row][\/et_pb_section][et_pb_section fb_built=&#8221;1&#8243; _builder_version=&#8221;4.16&#8243; _module_preset=&#8221;default&#8221; background_color=&#8221;#808b23&#8243; bottom_divider_style=&#8221;arrow2&#8243; bottom_divider_color=&#8221;#4d4d4d&#8221; global_colors_info=&#8221;{}&#8221;][\/et_pb_section]<\/p>\n","protected":false},"excerpt":{"rendered":"<p>TUSINDFRYD\u00a0 TUSINDFRYD ET FRISTED I NATUREN I sk\u00f8nne omgivelser,\u00a0 syd for Naldtanglejren, ligger det natursk\u00f8nne omr\u00e5de Tusindfryd. Historisk set har Tusindfryd v\u00e6ret et sted, der var ejet af FDDB i sameje med flere af de selvejende fritidshjem i Aabenraa Kommune. I forbindelse med den seneste kommunalreform, hvor fritidshjemmene blev nedlagt, overgik ejerskabet til FDDB. Tusindfryd [&hellip;]<\/p>\n","protected":false},"author":1,"featured_media":0,"parent":0,"menu_order":0,"comment_status":"closed","ping_status":"closed","template":"","meta":{"_et_pb_use_builder":"on","_et_pb_old_content":"","_et_gb_content_width":"","inline_featured_image":false,"footnotes":""},"class_list":["post-43","page","type-page","status-publish","hentry"],"yoast_head":"<!-- This site is optimized with the Yoast SEO plugin v27.3 - https:\/\/yoast.com\/product\/yoast-seo-wordpress\/ -->\n<title>TUSINDFRYD - Naldtanglejren<\/title>\n<meta name=\"description\" content=\"Tusindfryd er fremtidens maritime sted i b\u00f8rneh\u00f8jde, hvor vi lidt k\u00e6kt \u00e5bner mulighed for formidling under devisen \u201dFra hav til mav\u00b4\u201d.\" \/>\n<meta name=\"robots\" content=\"index, follow, max-snippet:-1, max-image-preview:large, max-video-preview:-1\" \/>\n<link rel=\"canonical\" href=\"https:\/\/naldtanglejren.dk\/de_de\/tusindfryd\/\" \/>\n<meta property=\"og:locale\" content=\"de_DE\" \/>\n<meta property=\"og:type\" content=\"article\" \/>\n<meta property=\"og:title\" content=\"TUSINDFRYD - Naldtanglejren\" \/>\n<meta property=\"og:description\" content=\"Tusindfryd er fremtidens maritime sted i b\u00f8rneh\u00f8jde, hvor vi lidt k\u00e6kt \u00e5bner mulighed for formidling under devisen \u201dFra hav til mav\u00b4\u201d.\" \/>\n<meta property=\"og:url\" content=\"https:\/\/naldtanglejren.dk\/de_de\/tusindfryd\/\" \/>\n<meta property=\"og:site_name\" content=\"Naldtanglejren\" \/>\n<meta property=\"article:modified_time\" content=\"2025-08-22T10:10:59+00:00\" \/>\n<meta name=\"twitter:card\" content=\"summary_large_image\" \/>\n<meta name=\"twitter:label1\" content=\"Gesch\u00e4tzte Lesezeit\" \/>\n\t<meta name=\"twitter:data1\" content=\"2\u00a0Minuten\" \/>\n<script type=\"application\/ld+json\" class=\"yoast-schema-graph\">{\"@context\":\"https:\\\/\\\/schema.org\",\"@graph\":[{\"@type\":\"WebPage\",\"@id\":\"https:\\\/\\\/naldtanglejren.dk\\\/da_dk\\\/tusindfryd\\\/\",\"url\":\"https:\\\/\\\/naldtanglejren.dk\\\/da_dk\\\/tusindfryd\\\/\",\"name\":\"TUSINDFRYD - Naldtanglejren\",\"isPartOf\":{\"@id\":\"https:\\\/\\\/naldtanglejren.dk\\\/da_dk\\\/#website\"},\"datePublished\":\"2022-03-02T07:59:24+00:00\",\"dateModified\":\"2025-08-22T10:10:59+00:00\",\"description\":\"Tusindfryd er fremtidens maritime sted i b\u00f8rneh\u00f8jde, hvor vi lidt k\u00e6kt \u00e5bner mulighed for formidling under devisen \u201dFra hav til mav\u00b4\u201d.\",\"breadcrumb\":{\"@id\":\"https:\\\/\\\/naldtanglejren.dk\\\/da_dk\\\/tusindfryd\\\/#breadcrumb\"},\"inLanguage\":\"de\",\"potentialAction\":[{\"@type\":\"ReadAction\",\"target\":[\"https:\\\/\\\/naldtanglejren.dk\\\/da_dk\\\/tusindfryd\\\/\"]}]},{\"@type\":\"BreadcrumbList\",\"@id\":\"https:\\\/\\\/naldtanglejren.dk\\\/da_dk\\\/tusindfryd\\\/#breadcrumb\",\"itemListElement\":[{\"@type\":\"ListItem\",\"position\":1,\"name\":\"Hjem\",\"item\":\"https:\\\/\\\/naldtanglejren.dk\\\/\"},{\"@type\":\"ListItem\",\"position\":2,\"name\":\"TUSINDFRYD\"}]},{\"@type\":\"WebSite\",\"@id\":\"https:\\\/\\\/naldtanglejren.dk\\\/da_dk\\\/#website\",\"url\":\"https:\\\/\\\/naldtanglejren.dk\\\/da_dk\\\/\",\"name\":\"Naldtanglejren\",\"description\":\"Naldtanglejren\",\"potentialAction\":[{\"@type\":\"SearchAction\",\"target\":{\"@type\":\"EntryPoint\",\"urlTemplate\":\"https:\\\/\\\/naldtanglejren.dk\\\/da_dk\\\/?s={search_term_string}\"},\"query-input\":{\"@type\":\"PropertyValueSpecification\",\"valueRequired\":true,\"valueName\":\"search_term_string\"}}],\"inLanguage\":\"de\"}]}<\/script>\n<!-- \/ Yoast SEO plugin. -->","yoast_head_json":{"title":"TUSINDFRYD - Naldtanglejren","description":"Tusindfryd er fremtidens maritime sted i b\u00f8rneh\u00f8jde, hvor vi lidt k\u00e6kt \u00e5bner mulighed for formidling under devisen \u201dFra hav til mav\u00b4\u201d.","robots":{"index":"index","follow":"follow","max-snippet":"max-snippet:-1","max-image-preview":"max-image-preview:large","max-video-preview":"max-video-preview:-1"},"canonical":"https:\/\/naldtanglejren.dk\/de_de\/tusindfryd\/","og_locale":"de_DE","og_type":"article","og_title":"TUSINDFRYD - Naldtanglejren","og_description":"Tusindfryd er fremtidens maritime sted i b\u00f8rneh\u00f8jde, hvor vi lidt k\u00e6kt \u00e5bner mulighed for formidling under devisen \u201dFra hav til mav\u00b4\u201d.","og_url":"https:\/\/naldtanglejren.dk\/de_de\/tusindfryd\/","og_site_name":"Naldtanglejren","article_modified_time":"2025-08-22T10:10:59+00:00","twitter_card":"summary_large_image","twitter_misc":{"Gesch\u00e4tzte Lesezeit":"2\u00a0Minuten"},"schema":{"@context":"https:\/\/schema.org","@graph":[{"@type":"WebPage","@id":"https:\/\/naldtanglejren.dk\/da_dk\/tusindfryd\/","url":"https:\/\/naldtanglejren.dk\/da_dk\/tusindfryd\/","name":"TUSINDFRYD - Naldtanglejren","isPartOf":{"@id":"https:\/\/naldtanglejren.dk\/da_dk\/#website"},"datePublished":"2022-03-02T07:59:24+00:00","dateModified":"2025-08-22T10:10:59+00:00","description":"Tusindfryd er fremtidens maritime sted i b\u00f8rneh\u00f8jde, hvor vi lidt k\u00e6kt \u00e5bner mulighed for formidling under devisen \u201dFra hav til mav\u00b4\u201d.","breadcrumb":{"@id":"https:\/\/naldtanglejren.dk\/da_dk\/tusindfryd\/#breadcrumb"},"inLanguage":"de","potentialAction":[{"@type":"ReadAction","target":["https:\/\/naldtanglejren.dk\/da_dk\/tusindfryd\/"]}]},{"@type":"BreadcrumbList","@id":"https:\/\/naldtanglejren.dk\/da_dk\/tusindfryd\/#breadcrumb","itemListElement":[{"@type":"ListItem","position":1,"name":"Hjem","item":"https:\/\/naldtanglejren.dk\/"},{"@type":"ListItem","position":2,"name":"TUSINDFRYD"}]},{"@type":"WebSite","@id":"https:\/\/naldtanglejren.dk\/da_dk\/#website","url":"https:\/\/naldtanglejren.dk\/da_dk\/","name":"\u2192 Naltanglager","description":"\u2192 Naltanglager","potentialAction":[{"@type":"SearchAction","target":{"@type":"EntryPoint","urlTemplate":"https:\/\/naldtanglejren.dk\/da_dk\/?s={search_term_string}"},"query-input":{"@type":"PropertyValueSpecification","valueRequired":true,"valueName":"search_term_string"}}],"inLanguage":"de"}]}},"_links":{"self":[{"href":"https:\/\/naldtanglejren.dk\/de_de\/wp-json\/wp\/v2\/pages\/43","targetHints":{"allow":["GET"]}}],"collection":[{"href":"https:\/\/naldtanglejren.dk\/de_de\/wp-json\/wp\/v2\/pages"}],"about":[{"href":"https:\/\/naldtanglejren.dk\/de_de\/wp-json\/wp\/v2\/types\/page"}],"author":[{"embeddable":true,"href":"https:\/\/naldtanglejren.dk\/de_de\/wp-json\/wp\/v2\/users\/1"}],"replies":[{"embeddable":true,"href":"https:\/\/naldtanglejren.dk\/de_de\/wp-json\/wp\/v2\/comments?post=43"}],"version-history":[{"count":19,"href":"https:\/\/naldtanglejren.dk\/de_de\/wp-json\/wp\/v2\/pages\/43\/revisions"}],"predecessor-version":[{"id":784,"href":"https:\/\/naldtanglejren.dk\/de_de\/wp-json\/wp\/v2\/pages\/43\/revisions\/784"}],"wp:attachment":[{"href":"https:\/\/naldtanglejren.dk\/de_de\/wp-json\/wp\/v2\/media?parent=43"}],"curies":[{"name":"wp","href":"https:\/\/api.w.org\/{rel}","templated":true}]}}