{"id":49,"date":"2022-03-02T08:00:06","date_gmt":"2022-03-02T08:00:06","guid":{"rendered":"https:\/\/naldtanglejren.dk\/?page_id=49"},"modified":"2022-03-29T07:07:47","modified_gmt":"2022-03-29T07:07:47","slug":"virksomheder","status":"publish","type":"page","link":"https:\/\/naldtanglejren.dk\/de_de\/virksomheder\/","title":{"rendered":"F\u00dcR BETRIEBE"},"content":{"rendered":"<p>[et_pb_section fb_built=&#8221;1&#8243; _builder_version=&#8221;4.14.8&#8243; _module_preset=&#8221;default&#8221; background_image=&#8221;https:\/\/naldtanglejren.dk\/wp-content\/uploads\/2022\/03\/VirksomhederHeader.jpg&#8221; height=&#8221;373px&#8221; height_tablet=&#8221;373px&#8221; height_phone=&#8221;265px&#8221; height_last_edited=&#8221;on|phone&#8221; custom_padding=&#8221;||||false|false&#8221; global_colors_info=&#8221;{}&#8221;][et_pb_row _builder_version=&#8221;4.14.8&#8243; _module_preset=&#8221;default&#8221; global_colors_info=&#8221;{}&#8221;][et_pb_column type=&#8221;4_4&#8243; _builder_version=&#8221;4.14.8&#8243; _module_preset=&#8221;default&#8221; global_colors_info=&#8221;{}&#8221;][et_pb_text _builder_version=&#8221;4.14.8&#8243; _module_preset=&#8221;default&#8221; header_font=&#8221;Dubar extra bold||||||||&#8221; header_text_align=&#8221;center&#8221; header_text_color=&#8221;#FFFFFF&#8221; header_font_size=&#8221;60px&#8221; header_font_size_tablet=&#8221;60px&#8221; header_font_size_phone=&#8221;30px&#8221; header_font_size_last_edited=&#8221;on|phone&#8221; global_colors_info=&#8221;{}&#8221;]<\/p>\n<h1>VIRKSOMHEDER<\/h1>\n<p>[\/et_pb_text][\/et_pb_column][\/et_pb_row][\/et_pb_section][et_pb_section fb_built=&#8221;1&#8243; _builder_version=&#8221;4.14.8&#8243; _module_preset=&#8221;default&#8221; background_color=&#8221;#e2e6bc&#8221; custom_margin=&#8221;||||false|false&#8221; custom_padding=&#8221;1px||||false|false&#8221; top_divider_style=&#8221;arrow2&#8243; top_divider_color=&#8221;#808b23&#8243; top_divider_repeat=&#8221;1x&#8221; bottom_divider_style=&#8221;arrow2&#8243; bottom_divider_color=&#8221;#808b23&#8243; global_colors_info=&#8221;{}&#8221;][et_pb_row column_structure=&#8221;1_2,1_2&#8243; _builder_version=&#8221;4.14.8&#8243; _module_preset=&#8221;default&#8221; min_height=&#8221;499px&#8221; min_height_tablet=&#8221;827px&#8221; min_height_phone=&#8221;895px&#8221; min_height_last_edited=&#8221;on|phone&#8221; custom_margin=&#8221;115px||30px||false|false&#8221; global_colors_info=&#8221;{}&#8221;][et_pb_column type=&#8221;1_2&#8243; _builder_version=&#8221;4.14.8&#8243; _module_preset=&#8221;default&#8221; global_colors_info=&#8221;{}&#8221;][et_pb_text _builder_version=&#8221;4.14.8&#8243; _module_preset=&#8221;default&#8221; text_font=&#8221;Dunbar regular||||||||&#8221; text_line_height=&#8221;2em&#8221; link_font=&#8221;Dunbar bold||||on|||#808b23|&#8221; link_text_color=&#8221;#808b23&#8243; header_font=&#8221;Dubar extra bold||||||||&#8221; header_text_color=&#8221;#808b23&#8243; header_4_font=&#8221;Dunbar regular||||||||&#8221; header_4_text_color=&#8221;#808b23&#8243; custom_margin_tablet=&#8221;||30px||false|false&#8221; custom_margin_phone=&#8221;||30px||false|false&#8221; custom_margin_last_edited=&#8221;on|tablet&#8221; hover_enabled=&#8221;0&#8243; global_colors_info=&#8221;{}&#8221; sticky_enabled=&#8221;0&#8243;]<\/p>\n<h1>VIRKSOMHEDER<\/h1>\n<p>Vi tilbyder p\u00e5 s\u00e5vel Naldtanglejren som Tusindfryd rammerne for virksomhedens n\u00e6ste arrangement. Om det er m\u00f8deaktiviteter, personalefester eller teambuilding, s\u00e5 er der rige muligheder.<\/p>\n<p>Naldtanglejren r\u00e5der over moderne av-udstyr, flipovers og alt andet, der skal bruges. Har vi det ikke, skaffer vi det!<\/p>\n<p>P\u00e5 begge lokationer er der rig mulighed for teambuilding s\u00e5vel ude som inde.<\/p>\n<p>Vi klarer naturligvis ogs\u00e5 forplejningen.<\/p>\n<p>Er du interesseret i at h\u00f8re mere om mulighederne for at bruge vores rammer s\u00e5 kontakt os. <a href=\"https:\/\/naldtanglejren.dk\/kontakt-os\/\" title=\"Kontakt\">KLIK HER<\/a><\/p>\n<p>[\/et_pb_text][\/et_pb_column][et_pb_column type=&#8221;1_2&#8243; _builder_version=&#8221;4.14.8&#8243; _module_preset=&#8221;default&#8221; global_colors_info=&#8221;{}&#8221;][et_pb_image src=&#8221;https:\/\/naldtanglejren.dk\/wp-content\/uploads\/2022\/03\/Virksomheder3.jpg&#8221; alt=&#8221;Teambuilding der bygges med lego&#8221; title_text=&#8221;Virksomheder3&#8243; _builder_version=&#8221;4.14.8&#8243; _module_preset=&#8221;default&#8221; positioning=&#8221;relative&#8221; vertical_offset=&#8221;113px&#8221; horizontal_offset=&#8221;277px&#8221; vertical_offset_tablet=&#8221;113px&#8221; vertical_offset_phone=&#8221;71px&#8221; vertical_offset_last_edited=&#8221;on|phone&#8221; horizontal_offset_tablet=&#8221;277px&#8221; horizontal_offset_phone=&#8221;121px&#8221; horizontal_offset_last_edited=&#8221;on|phone&#8221; max_width=&#8221;220px&#8221; max_width_tablet=&#8221;220px&#8221; max_width_phone=&#8221;175px&#8221; max_width_last_edited=&#8221;on|phone&#8221; height=&#8221;220px&#8221; height_tablet=&#8221;220px&#8221; height_phone=&#8221;175px&#8221; height_last_edited=&#8221;on|phone&#8221; border_radii=&#8221;on|1000px|1000px|1000px|1000px&#8221; box_shadow_style=&#8221;preset2&#8243; global_colors_info=&#8221;{}&#8221;][\/et_pb_image][et_pb_image src=&#8221;https:\/\/naldtanglejren.dk\/wp-content\/uploads\/2022\/03\/Virksomheder2.jpg&#8221; alt=&#8221;Teambuilding kopperne skal flyttes&#8221; title_text=&#8221;Virksomheder2&#8243; _builder_version=&#8221;4.14.8&#8243; _module_preset=&#8221;default&#8221; positioning=&#8221;absolute&#8221; vertical_offset=&#8221;18px&#8221; horizontal_offset=&#8221;128px&#8221; horizontal_offset_tablet=&#8221;128px&#8221; horizontal_offset_phone=&#8221;4px&#8221; horizontal_offset_last_edited=&#8221;on|phone&#8221; width=&#8221;100%&#8221; max_width=&#8221;195px&#8221; max_width_tablet=&#8221;195px&#8221; max_width_phone=&#8221;150px&#8221; max_width_last_edited=&#8221;on|phone&#8221; height=&#8221;195px&#8221; height_tablet=&#8221;195px&#8221; height_phone=&#8221;150px&#8221; height_last_edited=&#8221;on|phone&#8221; border_radii=&#8221;on|1000px|1000px|1000px|1000px&#8221; box_shadow_style=&#8221;preset2&#8243; global_colors_info=&#8221;{}&#8221;][\/et_pb_image][et_pb_image src=&#8221;https:\/\/naldtanglejren.dk\/wp-content\/uploads\/2022\/03\/Virksomheder4.jpg&#8221; alt=&#8221;Teambuilding der bygges med spaghetti&#8221; title_text=&#8221;Virksomheder4&#8243; _builder_version=&#8221;4.14.8&#8243; _module_preset=&#8221;default&#8221; positioning=&#8221;absolute&#8221; vertical_offset=&#8221;243px&#8221; horizontal_offset=&#8221;151px&#8221; vertical_offset_tablet=&#8221;243px&#8221; vertical_offset_phone=&#8221;188px&#8221; vertical_offset_last_edited=&#8221;on|phone&#8221; horizontal_offset_tablet=&#8221;151px&#8221; horizontal_offset_phone=&#8221;37px&#8221; horizontal_offset_last_edited=&#8221;on|phone&#8221; width=&#8221;100%&#8221; max_width=&#8221;180px&#8221; max_width_tablet=&#8221;180px&#8221; max_width_phone=&#8221;135px&#8221; max_width_last_edited=&#8221;on|phone&#8221; height=&#8221;180px&#8221; height_tablet=&#8221;180px&#8221; height_phone=&#8221;135px&#8221; height_last_edited=&#8221;on|phone&#8221; border_radii=&#8221;on|1000px|1000px|1000px|1000px&#8221; box_shadow_style=&#8221;preset2&#8243; global_colors_info=&#8221;{}&#8221;][\/et_pb_image][et_pb_image src=&#8221;https:\/\/naldtanglejren.dk\/wp-content\/uploads\/2022\/03\/Virksomheder5.jpg&#8221; alt=&#8221;Teambuilding p\u00e5 stranden ved Naldtanglejren&#8221; title_text=&#8221;Virksomheder5&#8243; _builder_version=&#8221;4.14.8&#8243; _module_preset=&#8221;default&#8221; positioning=&#8221;absolute&#8221; vertical_offset=&#8221;306px&#8221; horizontal_offset=&#8221;357px&#8221; vertical_offset_tablet=&#8221;306px&#8221; vertical_offset_phone=&#8221;230px&#8221; vertical_offset_last_edited=&#8221;on|phone&#8221; horizontal_offset_tablet=&#8221;357px&#8221; horizontal_offset_phone=&#8221;199px&#8221; horizontal_offset_last_edited=&#8221;on|phone&#8221; width=&#8221;100%&#8221; max_width=&#8221;140px&#8221; max_width_tablet=&#8221;140px&#8221; max_width_phone=&#8221;95px&#8221; max_width_last_edited=&#8221;on|phone&#8221; height=&#8221;140px&#8221; height_tablet=&#8221;140px&#8221; height_phone=&#8221;95px&#8221; height_last_edited=&#8221;on|phone&#8221; border_radii=&#8221;on|1000px|1000px|1000px|1000px&#8221; box_shadow_style=&#8221;preset2&#8243; global_colors_info=&#8221;{}&#8221;][\/et_pb_image][et_pb_image src=&#8221;https:\/\/naldtanglejren.dk\/wp-content\/uploads\/2022\/03\/Virksomheder1.jpg&#8221; alt=&#8221;Teambuilding lagkagen skal flyttes&#8221; title_text=&#8221;Virksomheder1&#8243; _builder_version=&#8221;4.14.8&#8243; _module_preset=&#8221;default&#8221; positioning=&#8221;absolute&#8221; vertical_offset=&#8221;-25px&#8221; horizontal_offset=&#8221;340px&#8221; horizontal_offset_tablet=&#8221;340px&#8221; horizontal_offset_phone=&#8221;183px&#8221; horizontal_offset_last_edited=&#8221;on|phone&#8221; width=&#8221;100%&#8221; max_width=&#8221;155px&#8221; max_width_tablet=&#8221;155px&#8221; max_width_phone=&#8221;105px&#8221; max_width_last_edited=&#8221;on|phone&#8221; height=&#8221;155px&#8221; height_tablet=&#8221;155px&#8221; height_phone=&#8221;105px&#8221; height_last_edited=&#8221;on|phone&#8221; border_radii=&#8221;on|1000px|1000px|1000px|1000px&#8221; box_shadow_style=&#8221;preset2&#8243; global_colors_info=&#8221;{}&#8221;][\/et_pb_image][\/et_pb_column][\/et_pb_row][\/et_pb_section][et_pb_section fb_built=&#8221;1&#8243; _builder_version=&#8221;4.14.8&#8243; _module_preset=&#8221;default&#8221; background_color=&#8221;#808b23&#8243; bottom_divider_style=&#8221;arrow2&#8243; bottom_divider_color=&#8221;#4d4d4d&#8221; global_colors_info=&#8221;{}&#8221;][et_pb_row _builder_version=&#8221;4.14.8&#8243; _module_preset=&#8221;default&#8221; width=&#8221;41%&#8221; width_tablet=&#8221;75%&#8221; width_phone=&#8221;75%&#8221; width_last_edited=&#8221;on|tablet&#8221; global_colors_info=&#8221;{}&#8221;][et_pb_column type=&#8221;4_4&#8243; _builder_version=&#8221;4.14.8&#8243; _module_preset=&#8221;default&#8221; global_colors_info=&#8221;{}&#8221;][et_pb_text _builder_version=&#8221;4.14.8&#8243; _module_preset=&#8221;default&#8221; header_font=&#8221;Dubar extra bold||||||||&#8221; header_text_color=&#8221;#FFFFFF&#8221; header_2_font=&#8221;Dubar extra bold||||||||&#8221; header_2_text_color=&#8221;#FFFFFF&#8221; header_font_size_tablet=&#8221;&#8221; header_font_size_phone=&#8221;25px&#8221; header_font_size_last_edited=&#8221;on|phone&#8221; global_colors_info=&#8221;{}&#8221;]<\/p>\n<h1 style=\"text-align: center;\">SE BILLEDER FRA TIDLIGERE VIRKSOMHEDSARRANGEMENTER<\/h1>\n<p>[\/et_pb_text][et_pb_slider use_bg_overlay=&#8221;off&#8221; use_text_overlay=&#8221;off&#8221; _builder_version=&#8221;4.14.8&#8243; _module_preset=&#8221;default&#8221; max_width=&#8221;795px&#8221; max_width_tablet=&#8221;725px&#8221; max_width_phone=&#8221;100%&#8221; max_width_last_edited=&#8221;on|tablet&#8221; min_height=&#8221;450px&#8221; min_height_tablet=&#8221;430px&#8221; min_height_phone=&#8221;210px&#8221; min_height_last_edited=&#8221;on|tablet&#8221; max_height=&#8221;430px&#8221; auto=&#8221;on&#8221; auto_speed=&#8221;5000&#8243; box_shadow_style=&#8221;preset2&#8243; global_colors_info=&#8221;{}&#8221;][et_pb_slide _builder_version=&#8221;4.14.8&#8243; _module_preset=&#8221;default&#8221; background_image=&#8221;https:\/\/naldtanglejren.dk\/wp-content\/uploads\/2022\/03\/VirksomhederGalleri1.jpg&#8221; background_enable_image=&#8221;on&#8221; global_colors_info=&#8221;{}&#8221; sticky_transition=&#8221;on&#8221;][\/et_pb_slide][et_pb_slide _builder_version=&#8221;4.14.8&#8243; _module_preset=&#8221;default&#8221; background_image=&#8221;https:\/\/naldtanglejren.dk\/wp-content\/uploads\/2022\/03\/VirksomhederGalleri2.jpg&#8221; background_enable_image=&#8221;on&#8221; global_colors_info=&#8221;{}&#8221; sticky_transition=&#8221;on&#8221;][\/et_pb_slide][et_pb_slide _builder_version=&#8221;4.14.8&#8243; _module_preset=&#8221;default&#8221; background_image=&#8221;https:\/\/naldtanglejren.dk\/wp-content\/uploads\/2022\/03\/VirksomhederGalleri3.jpg&#8221; background_enable_image=&#8221;on&#8221; global_colors_info=&#8221;{}&#8221; sticky_transition=&#8221;on&#8221;][\/et_pb_slide][et_pb_slide _builder_version=&#8221;4.14.8&#8243; _module_preset=&#8221;default&#8221; background_image=&#8221;https:\/\/naldtanglejren.dk\/wp-content\/uploads\/2022\/03\/VirksomhederGalleri4.jpg&#8221; background_enable_image=&#8221;on&#8221; global_colors_info=&#8221;{}&#8221; sticky_transition=&#8221;on&#8221;][\/et_pb_slide][et_pb_slide _builder_version=&#8221;4.14.8&#8243; _module_preset=&#8221;default&#8221; background_image=&#8221;https:\/\/naldtanglejren.dk\/wp-content\/uploads\/2022\/03\/VirksomhederGalleri5.jpg&#8221; background_enable_image=&#8221;on&#8221; global_colors_info=&#8221;{}&#8221; sticky_transition=&#8221;on&#8221;][\/et_pb_slide][et_pb_slide _builder_version=&#8221;4.14.8&#8243; _module_preset=&#8221;default&#8221; background_image=&#8221;https:\/\/naldtanglejren.dk\/wp-content\/uploads\/2022\/03\/VirksomhederGalleri6.jpg&#8221; background_enable_image=&#8221;on&#8221; global_colors_info=&#8221;{}&#8221; sticky_transition=&#8221;on&#8221;][\/et_pb_slide][et_pb_slide _builder_version=&#8221;4.14.8&#8243; _module_preset=&#8221;default&#8221; background_image=&#8221;https:\/\/naldtanglejren.dk\/wp-content\/uploads\/2022\/03\/VirksomhederGalleri7.jpg&#8221; background_enable_image=&#8221;on&#8221; global_colors_info=&#8221;{}&#8221; sticky_transition=&#8221;on&#8221;][\/et_pb_slide][et_pb_slide _builder_version=&#8221;4.14.8&#8243; _module_preset=&#8221;default&#8221; background_image=&#8221;https:\/\/naldtanglejren.dk\/wp-content\/uploads\/2022\/03\/VirksomhederGalleri8.jpg&#8221; background_enable_image=&#8221;on&#8221; global_colors_info=&#8221;{}&#8221; sticky_transition=&#8221;on&#8221;][\/et_pb_slide][et_pb_slide _builder_version=&#8221;4.14.8&#8243; _module_preset=&#8221;default&#8221; background_image=&#8221;https:\/\/naldtanglejren.dk\/wp-content\/uploads\/2022\/03\/VirksomhederGalleri9.jpg&#8221; background_enable_image=&#8221;on&#8221; global_colors_info=&#8221;{}&#8221; sticky_transition=&#8221;on&#8221;][\/et_pb_slide][et_pb_slide _builder_version=&#8221;4.14.8&#8243; _module_preset=&#8221;default&#8221; background_image=&#8221;https:\/\/naldtanglejren.dk\/wp-content\/uploads\/2022\/03\/VirksomhederGalleri10.jpg&#8221; background_enable_image=&#8221;on&#8221; global_colors_info=&#8221;{}&#8221; sticky_transition=&#8221;on&#8221;][\/et_pb_slide][et_pb_slide _builder_version=&#8221;4.14.8&#8243; _module_preset=&#8221;default&#8221; background_image=&#8221;https:\/\/naldtanglejren.dk\/wp-content\/uploads\/2022\/03\/VirksomhederGalleri11.jpg&#8221; background_enable_image=&#8221;on&#8221; global_colors_info=&#8221;{}&#8221; sticky_transition=&#8221;on&#8221;][\/et_pb_slide][et_pb_slide _builder_version=&#8221;4.14.8&#8243; _module_preset=&#8221;default&#8221; background_image=&#8221;https:\/\/naldtanglejren.dk\/wp-content\/uploads\/2022\/03\/VirksomhederGalleri12.jpg&#8221; background_enable_image=&#8221;on&#8221; global_colors_info=&#8221;{}&#8221; sticky_transition=&#8221;on&#8221;][\/et_pb_slide][et_pb_slide _builder_version=&#8221;4.14.8&#8243; _module_preset=&#8221;default&#8221; background_image=&#8221;https:\/\/naldtanglejren.dk\/wp-content\/uploads\/2022\/03\/VirksomhederGalleri13.jpg&#8221; background_enable_image=&#8221;on&#8221; global_colors_info=&#8221;{}&#8221; sticky_transition=&#8221;on&#8221;][\/et_pb_slide][et_pb_slide _builder_version=&#8221;4.14.8&#8243; _module_preset=&#8221;default&#8221; background_image=&#8221;https:\/\/naldtanglejren.dk\/wp-content\/uploads\/2022\/03\/VirksomhederGalleri14.jpg&#8221; background_enable_image=&#8221;on&#8221; global_colors_info=&#8221;{}&#8221; sticky_transition=&#8221;on&#8221;][\/et_pb_slide][et_pb_slide _builder_version=&#8221;4.14.8&#8243; _module_preset=&#8221;default&#8221; background_image=&#8221;https:\/\/naldtanglejren.dk\/wp-content\/uploads\/2022\/03\/VirksomhederGalleri15.jpg&#8221; background_enable_image=&#8221;on&#8221; global_colors_info=&#8221;{}&#8221; sticky_transition=&#8221;on&#8221;][\/et_pb_slide][et_pb_slide _builder_version=&#8221;4.14.8&#8243; _module_preset=&#8221;default&#8221; background_image=&#8221;https:\/\/naldtanglejren.dk\/wp-content\/uploads\/2022\/03\/VirksomhederGalleri16.jpg&#8221; background_enable_image=&#8221;on&#8221; global_colors_info=&#8221;{}&#8221; sticky_transition=&#8221;on&#8221;][\/et_pb_slide][et_pb_slide _builder_version=&#8221;4.14.8&#8243; _module_preset=&#8221;default&#8221; background_image=&#8221;https:\/\/naldtanglejren.dk\/wp-content\/uploads\/2022\/03\/VirksomhederGalleri17.jpg&#8221; background_enable_image=&#8221;on&#8221; global_colors_info=&#8221;{}&#8221; sticky_transition=&#8221;on&#8221;][\/et_pb_slide][et_pb_slide _builder_version=&#8221;4.14.8&#8243; _module_preset=&#8221;default&#8221; background_image=&#8221;https:\/\/naldtanglejren.dk\/wp-content\/uploads\/2022\/03\/VirksomhederGalleri18.jpg&#8221; background_enable_image=&#8221;on&#8221; global_colors_info=&#8221;{}&#8221; sticky_transition=&#8221;on&#8221;][\/et_pb_slide][et_pb_slide _builder_version=&#8221;4.14.8&#8243; _module_preset=&#8221;default&#8221; background_image=&#8221;https:\/\/naldtanglejren.dk\/wp-content\/uploads\/2022\/03\/VirksomhederGalleri19.jpg&#8221; background_enable_image=&#8221;on&#8221; global_colors_info=&#8221;{}&#8221; sticky_transition=&#8221;on&#8221;][\/et_pb_slide][et_pb_slide _builder_version=&#8221;4.14.8&#8243; _module_preset=&#8221;default&#8221; background_image=&#8221;https:\/\/naldtanglejren.dk\/wp-content\/uploads\/2022\/03\/VirksomhederGalleri20.jpg&#8221; background_enable_image=&#8221;on&#8221; global_colors_info=&#8221;{}&#8221; sticky_transition=&#8221;on&#8221;][\/et_pb_slide][et_pb_slide _builder_version=&#8221;4.14.8&#8243; _module_preset=&#8221;default&#8221; background_image=&#8221;https:\/\/naldtanglejren.dk\/wp-content\/uploads\/2022\/03\/VirksomhederGalleri21.jpg&#8221; background_enable_image=&#8221;on&#8221; global_colors_info=&#8221;{}&#8221; sticky_transition=&#8221;on&#8221;][\/et_pb_slide][et_pb_slide _builder_version=&#8221;4.14.8&#8243; _module_preset=&#8221;default&#8221; background_image=&#8221;https:\/\/naldtanglejren.dk\/wp-content\/uploads\/2022\/03\/VirksomhederGalleri22.jpg&#8221; background_enable_image=&#8221;on&#8221; global_colors_info=&#8221;{}&#8221; sticky_transition=&#8221;on&#8221;][\/et_pb_slide][et_pb_slide _builder_version=&#8221;4.14.8&#8243; _module_preset=&#8221;default&#8221; background_image=&#8221;https:\/\/naldtanglejren.dk\/wp-content\/uploads\/2022\/03\/VirksomhederGalleri23.jpg&#8221; background_enable_image=&#8221;on&#8221; global_colors_info=&#8221;{}&#8221; sticky_transition=&#8221;on&#8221;][\/et_pb_slide][et_pb_slide _builder_version=&#8221;4.14.8&#8243; _module_preset=&#8221;default&#8221; background_image=&#8221;https:\/\/naldtanglejren.dk\/wp-content\/uploads\/2022\/03\/VirksomhederGalleri24.jpg&#8221; background_enable_image=&#8221;on&#8221; global_colors_info=&#8221;{}&#8221; sticky_transition=&#8221;on&#8221;][\/et_pb_slide][\/et_pb_slider][et_pb_text _builder_version=&#8221;4.14.8&#8243; _module_preset=&#8221;default&#8221; text_font=&#8221;Dunbar regular||||||||&#8221; text_text_color=&#8221;#FFFFFF&#8221; text_orientation=&#8221;center&#8221; text_font_size_tablet=&#8221;&#8221; text_font_size_phone=&#8221;10px&#8221; text_font_size_last_edited=&#8221;on|phone&#8221; global_colors_info=&#8221;{}&#8221;]<\/p>\n<p>Billeder af: Patrick Rohde.S\u0116ASID\u0116 FOLKS, A78 og FDDB<\/p>\n<p>[\/et_pb_text][\/et_pb_column][\/et_pb_row][\/et_pb_section]<\/p>\n","protected":false},"excerpt":{"rendered":"<p>VIRKSOMHEDERVIRKSOMHEDER Vi tilbyder p\u00e5 s\u00e5vel Naldtanglejren som Tusindfryd rammerne for virksomhedens n\u00e6ste arrangement. Om det er m\u00f8deaktiviteter, personalefester eller teambuilding, s\u00e5 er der rige muligheder. Naldtanglejren r\u00e5der over moderne av-udstyr, flipovers og alt andet, der skal bruges. Har vi det ikke, skaffer vi det! P\u00e5 begge lokationer er der rig mulighed for teambuilding s\u00e5vel ude [&hellip;]<\/p>\n","protected":false},"author":1,"featured_media":0,"parent":0,"menu_order":0,"comment_status":"closed","ping_status":"closed","template":"","meta":{"_et_pb_use_builder":"on","_et_pb_old_content":"","_et_gb_content_width":"","inline_featured_image":false,"footnotes":""},"class_list":["post-49","page","type-page","status-publish","hentry"],"yoast_head":"<!-- This site is optimized with the Yoast SEO plugin v27.5 - https:\/\/yoast.com\/product\/yoast-seo-wordpress\/ -->\n<title>VIRKSOMHEDER - Naldtanglejren<\/title>\n<meta name=\"description\" content=\"Vi har rammerne for virksomhedens n\u00e6ste arrangement. Om det er m\u00f8deaktiviteter, personalefester eller teambuilding, s\u00e5 er der rige muligheder.\" \/>\n<meta name=\"robots\" content=\"index, follow, max-snippet:-1, max-image-preview:large, max-video-preview:-1\" \/>\n<link rel=\"canonical\" href=\"http:\/\/naldtanglejren.dk\/de_de\/virksomheder\/\" \/>\n<meta property=\"og:locale\" content=\"de_DE\" \/>\n<meta property=\"og:type\" content=\"article\" \/>\n<meta property=\"og:title\" content=\"VIRKSOMHEDER - Naldtanglejren\" \/>\n<meta property=\"og:description\" content=\"Vi har rammerne for virksomhedens n\u00e6ste arrangement. Om det er m\u00f8deaktiviteter, personalefester eller teambuilding, s\u00e5 er der rige muligheder.\" \/>\n<meta property=\"og:url\" content=\"http:\/\/naldtanglejren.dk\/de_de\/virksomheder\/\" \/>\n<meta property=\"og:site_name\" content=\"Naldtanglejren\" \/>\n<meta property=\"article:modified_time\" content=\"2022-03-29T07:07:47+00:00\" \/>\n<meta name=\"twitter:card\" content=\"summary_large_image\" \/>\n<meta name=\"twitter:label1\" content=\"Gesch\u00e4tzte Lesezeit\" \/>\n\t<meta name=\"twitter:data1\" content=\"3\u00a0Minuten\" \/>\n<script type=\"application\/ld+json\" class=\"yoast-schema-graph\">{\"@context\":\"https:\\\/\\\/schema.org\",\"@graph\":[{\"@type\":\"WebPage\",\"@id\":\"http:\\\/\\\/naldtanglejren.dk\\\/da_dk\\\/virksomheder\\\/\",\"url\":\"http:\\\/\\\/naldtanglejren.dk\\\/da_dk\\\/virksomheder\\\/\",\"name\":\"VIRKSOMHEDER - Naldtanglejren\",\"isPartOf\":{\"@id\":\"https:\\\/\\\/naldtanglejren.dk\\\/da_dk\\\/#website\"},\"datePublished\":\"2022-03-02T08:00:06+00:00\",\"dateModified\":\"2022-03-29T07:07:47+00:00\",\"description\":\"Vi har rammerne for virksomhedens n\u00e6ste arrangement. Om det er m\u00f8deaktiviteter, personalefester eller teambuilding, s\u00e5 er der rige muligheder.\",\"breadcrumb\":{\"@id\":\"http:\\\/\\\/naldtanglejren.dk\\\/da_dk\\\/virksomheder\\\/#breadcrumb\"},\"inLanguage\":\"de\",\"potentialAction\":[{\"@type\":\"ReadAction\",\"target\":[\"http:\\\/\\\/naldtanglejren.dk\\\/da_dk\\\/virksomheder\\\/\"]}]},{\"@type\":\"BreadcrumbList\",\"@id\":\"http:\\\/\\\/naldtanglejren.dk\\\/da_dk\\\/virksomheder\\\/#breadcrumb\",\"itemListElement\":[{\"@type\":\"ListItem\",\"position\":1,\"name\":\"Hjem\",\"item\":\"https:\\\/\\\/naldtanglejren.dk\\\/\"},{\"@type\":\"ListItem\",\"position\":2,\"name\":\"VIRKSOMHEDER\"}]},{\"@type\":\"WebSite\",\"@id\":\"https:\\\/\\\/naldtanglejren.dk\\\/da_dk\\\/#website\",\"url\":\"https:\\\/\\\/naldtanglejren.dk\\\/da_dk\\\/\",\"name\":\"Naldtanglejren\",\"description\":\"Naldtanglejren\",\"potentialAction\":[{\"@type\":\"SearchAction\",\"target\":{\"@type\":\"EntryPoint\",\"urlTemplate\":\"https:\\\/\\\/naldtanglejren.dk\\\/da_dk\\\/?s={search_term_string}\"},\"query-input\":{\"@type\":\"PropertyValueSpecification\",\"valueRequired\":true,\"valueName\":\"search_term_string\"}}],\"inLanguage\":\"de\"}]}<\/script>\n<!-- \/ Yoast SEO plugin. -->","yoast_head_json":{"title":"VIRKSOMHEDER - Naldtanglejren","description":"Vi har rammerne for virksomhedens n\u00e6ste arrangement. Om det er m\u00f8deaktiviteter, personalefester eller teambuilding, s\u00e5 er der rige muligheder.","robots":{"index":"index","follow":"follow","max-snippet":"max-snippet:-1","max-image-preview":"max-image-preview:large","max-video-preview":"max-video-preview:-1"},"canonical":"http:\/\/naldtanglejren.dk\/de_de\/virksomheder\/","og_locale":"de_DE","og_type":"article","og_title":"VIRKSOMHEDER - Naldtanglejren","og_description":"Vi har rammerne for virksomhedens n\u00e6ste arrangement. Om det er m\u00f8deaktiviteter, personalefester eller teambuilding, s\u00e5 er der rige muligheder.","og_url":"http:\/\/naldtanglejren.dk\/de_de\/virksomheder\/","og_site_name":"Naldtanglejren","article_modified_time":"2022-03-29T07:07:47+00:00","twitter_card":"summary_large_image","twitter_misc":{"Gesch\u00e4tzte Lesezeit":"3\u00a0Minuten"},"schema":{"@context":"https:\/\/schema.org","@graph":[{"@type":"WebPage","@id":"http:\/\/naldtanglejren.dk\/da_dk\/virksomheder\/","url":"http:\/\/naldtanglejren.dk\/da_dk\/virksomheder\/","name":"VIRKSOMHEDER - Naldtanglejren","isPartOf":{"@id":"https:\/\/naldtanglejren.dk\/da_dk\/#website"},"datePublished":"2022-03-02T08:00:06+00:00","dateModified":"2022-03-29T07:07:47+00:00","description":"Vi har rammerne for virksomhedens n\u00e6ste arrangement. Om det er m\u00f8deaktiviteter, personalefester eller teambuilding, s\u00e5 er der rige muligheder.","breadcrumb":{"@id":"http:\/\/naldtanglejren.dk\/da_dk\/virksomheder\/#breadcrumb"},"inLanguage":"de","potentialAction":[{"@type":"ReadAction","target":["http:\/\/naldtanglejren.dk\/da_dk\/virksomheder\/"]}]},{"@type":"BreadcrumbList","@id":"http:\/\/naldtanglejren.dk\/da_dk\/virksomheder\/#breadcrumb","itemListElement":[{"@type":"ListItem","position":1,"name":"Hjem","item":"https:\/\/naldtanglejren.dk\/"},{"@type":"ListItem","position":2,"name":"VIRKSOMHEDER"}]},{"@type":"WebSite","@id":"https:\/\/naldtanglejren.dk\/da_dk\/#website","url":"https:\/\/naldtanglejren.dk\/da_dk\/","name":"\u2192 Naltanglager","description":"\u2192 Naltanglager","potentialAction":[{"@type":"SearchAction","target":{"@type":"EntryPoint","urlTemplate":"https:\/\/naldtanglejren.dk\/da_dk\/?s={search_term_string}"},"query-input":{"@type":"PropertyValueSpecification","valueRequired":true,"valueName":"search_term_string"}}],"inLanguage":"de"}]}},"_links":{"self":[{"href":"https:\/\/naldtanglejren.dk\/de_de\/wp-json\/wp\/v2\/pages\/49","targetHints":{"allow":["GET"]}}],"collection":[{"href":"https:\/\/naldtanglejren.dk\/de_de\/wp-json\/wp\/v2\/pages"}],"about":[{"href":"https:\/\/naldtanglejren.dk\/de_de\/wp-json\/wp\/v2\/types\/page"}],"author":[{"embeddable":true,"href":"https:\/\/naldtanglejren.dk\/de_de\/wp-json\/wp\/v2\/users\/1"}],"replies":[{"embeddable":true,"href":"https:\/\/naldtanglejren.dk\/de_de\/wp-json\/wp\/v2\/comments?post=49"}],"version-history":[{"count":6,"href":"https:\/\/naldtanglejren.dk\/de_de\/wp-json\/wp\/v2\/pages\/49\/revisions"}],"predecessor-version":[{"id":634,"href":"https:\/\/naldtanglejren.dk\/de_de\/wp-json\/wp\/v2\/pages\/49\/revisions\/634"}],"wp:attachment":[{"href":"https:\/\/naldtanglejren.dk\/de_de\/wp-json\/wp\/v2\/media?parent=49"}],"curies":[{"name":"wp","href":"https:\/\/api.w.org\/{rel}","templated":true}]}}