{"id":786,"date":"2025-08-27T18:45:17","date_gmt":"2025-08-27T18:45:17","guid":{"rendered":"https:\/\/naldtanglejren.dk\/?page_id=786"},"modified":"2025-08-27T18:47:05","modified_gmt":"2025-08-27T18:47:05","slug":"persondatapolitik","status":"publish","type":"page","link":"https:\/\/naldtanglejren.dk\/de_de\/persondatapolitik\/","title":{"rendered":"PERSONDATA"},"content":{"rendered":"<p><strong>Registrering af data:<br \/>\n<\/strong>N\u00e5r du bes\u00f8ger vores website registrerer vi (FDDB) alene persondata i det omfang, du selv har givet os disse oplysninger. Det vil typisk v\u00e6re ved reservation og booking af lejren.<\/p>\n<p>Personhenf\u00f8rbare oplysninger s\u00e6lges eller videregives aldrig til tredjepart.<\/p>\n<p>Vi registrerer persondata med det form\u00e5l at kunne yde vores kunder og andre, der er interesseret i vores lejr, den bedst mulige service. Persondataene er n\u00f8dvendige for at administrere din leje af vores lejr.<\/p>\n<p><strong>Vi registrerer f\u00f8lgende personoplysninger:<\/strong><\/p>\n<ul>\n<li>Navn<\/li>\n<li>Adresse<\/li>\n<li>Telefonnumre<\/li>\n<li>E-mailadresse<\/li>\n<\/ul>\n<p>Og i nogle tilf\u00e6lde ogs\u00e5:<\/p>\n<ul>\n<li>Bankoplysninger (reg.nr og kontonr.)<\/li>\n<\/ul>\n<p>Eksempel p\u00e5 kommunikation, er indg\u00e5else af lejekontrakt og opkr\u00e6vning af lejebel\u00f8b m.v. Vi kommunikerer s\u00e5 vidt muligt, via email. Oplysninger om reg.nr og kontonr bruger vi, n\u00e5r vi skal returnere penge fx hvis der er betalt depositum.<\/p>\n<p><strong>Beskyttelse og opbevaring af personoplysninger:<\/strong><\/p>\n<p>Oplysningerne lagres p\u00e5 webhotel i Danmark.<\/p>\n<p>Vi har truffet tekniske og organisatoriske foranstaltninger mod, at dine oplysninger h\u00e6ndeligt eller ulovligt bliver slettet, offentliggjort, fortbat, forringet eller kommer til uvedkommendes kendskab, misbruges eller i \u00f8vrigt behandles i strid mod lovgivningen.<\/p>\n<p>Vi gemmer de registrerede persondata i ukrypteret form i databaser, der er beskyttet mod uautoriseret adgang.<\/p>\n<p>Vi benytter krypteret kommunikation mellem browseren og serveren. Ligeledes benytter vi krypteret kommunikation, n\u00e5r vi kommunikerer pr. e-mail.<\/p>\n<p><strong>Periode for opbevaring:<\/strong><\/p>\n<p>Vi opbevarer dine oplysninger i overensstemmelse med den danske regnskabslov. Herefter vil alle oplysninger blive slettet eller anonymiseret p\u00e5 en s\u00e5dan m\u00e5de, at oplysningerne ikke l\u00e6ngere kan identificere dig.<\/p>\n<p>Har du oplyst os dine kontaktoplysninger, uden at vi fik indg\u00e5et en lejeaftale, vil dine oplysninger blive slettet efter maksimalt 1 m\u00e5ned.<\/p>\n<p><strong>Dine rettigheder:<\/strong><\/p>\n<p>N\u00e5r vi behandler personoplysninger om dig, har du en r\u00e6kke s\u00e6rlige rettigheder efter persondataforordningen.<\/p>\n<ul>\n<li>Retten til at blive oplyst om behandlingen af data<\/li>\n<li>Retten til indsigt i egne personoplysninger<\/li>\n<li>Retten til berigtigelse og sletning<\/li>\n<li>Under s\u00e6rlige omst\u00e6ndigheder: retten til begr\u00e6nsning af behandling<\/li>\n<li>Retten til dataportabilitet (udlevering af data i et almindeligt anvendt format)<\/li>\n<li>Retten til indsigelse<\/li>\n<li>Retten til tilbagekaldelse af samtykke, hvis behandlingen er baseret p\u00e5 samtykke<\/li>\n<\/ul>\n<p>Du kan skrive til mail@fddb-kontor.dk, for at g\u00f8re brug af \u00e9n eller flere af ovenst\u00e5ende rettigheder.<br \/>\nHvis du anmoder om at f\u00e5 rettet eller slettet dine personoplysninger, unders\u00f8ger vi, om betingelserne er opfyldt og gennemf\u00f8rer i s\u00e5 fald \u00e6ndringer eller sletning s\u00e5 hurtig som muligt.<\/p>","protected":false},"excerpt":{"rendered":"<p>Registrering af data: N\u00e5r du bes\u00f8ger vores website registrerer vi (FDDB) alene persondata i det omfang, du selv har givet os disse oplysninger. Det vil typisk v\u00e6re ved reservation og booking af lejren. Personhenf\u00f8rbare oplysninger s\u00e6lges eller videregives aldrig til tredjepart. Vi registrerer persondata med det form\u00e5l at kunne yde vores kunder og andre, der [&hellip;]<\/p>\n","protected":false},"author":3,"featured_media":0,"parent":0,"menu_order":0,"comment_status":"closed","ping_status":"closed","template":"","meta":{"_et_pb_use_builder":"","_et_pb_old_content":"","_et_gb_content_width":"","inline_featured_image":false,"footnotes":""},"class_list":["post-786","page","type-page","status-publish","hentry"],"yoast_head":"<!-- This site is optimized with the Yoast SEO plugin v27.3 - https:\/\/yoast.com\/product\/yoast-seo-wordpress\/ -->\n<title>PERSONDATA - Naldtanglejren<\/title>\n<meta name=\"robots\" content=\"index, follow, max-snippet:-1, max-image-preview:large, max-video-preview:-1\" \/>\n<link rel=\"canonical\" href=\"https:\/\/naldtanglejren.dk\/de_de\/persondatapolitik\/\" \/>\n<meta property=\"og:locale\" content=\"de_DE\" \/>\n<meta property=\"og:type\" content=\"article\" \/>\n<meta property=\"og:title\" content=\"PERSONDATA - Naldtanglejren\" \/>\n<meta property=\"og:description\" content=\"Registrering af data: N\u00e5r du bes\u00f8ger vores website registrerer vi (FDDB) alene persondata i det omfang, du selv har givet os disse oplysninger. Det vil typisk v\u00e6re ved reservation og booking af lejren. Personhenf\u00f8rbare oplysninger s\u00e6lges eller videregives aldrig til tredjepart. Vi registrerer persondata med det form\u00e5l at kunne yde vores kunder og andre, der [&hellip;]\" \/>\n<meta property=\"og:url\" content=\"https:\/\/naldtanglejren.dk\/de_de\/persondatapolitik\/\" \/>\n<meta property=\"og:site_name\" content=\"Naldtanglejren\" \/>\n<meta property=\"article:modified_time\" content=\"2025-08-27T18:47:05+00:00\" \/>\n<meta name=\"twitter:card\" content=\"summary_large_image\" \/>\n<meta name=\"twitter:label1\" content=\"Gesch\u00e4tzte Lesezeit\" \/>\n\t<meta name=\"twitter:data1\" content=\"3\u00a0Minuten\" \/>\n<script type=\"application\/ld+json\" class=\"yoast-schema-graph\">{\"@context\":\"https:\\\/\\\/schema.org\",\"@graph\":[{\"@type\":\"WebPage\",\"@id\":\"https:\\\/\\\/naldtanglejren.dk\\\/de_de\\\/persondatapolitik\\\/\",\"url\":\"https:\\\/\\\/naldtanglejren.dk\\\/de_de\\\/persondatapolitik\\\/\",\"name\":\"PERSONDATA - Naldtanglejren\",\"isPartOf\":{\"@id\":\"https:\\\/\\\/naldtanglejren.dk\\\/da_dk\\\/#website\"},\"datePublished\":\"2025-08-27T18:45:17+00:00\",\"dateModified\":\"2025-08-27T18:47:05+00:00\",\"breadcrumb\":{\"@id\":\"https:\\\/\\\/naldtanglejren.dk\\\/de_de\\\/persondatapolitik\\\/#breadcrumb\"},\"inLanguage\":\"de\",\"potentialAction\":[{\"@type\":\"ReadAction\",\"target\":[\"https:\\\/\\\/naldtanglejren.dk\\\/de_de\\\/persondatapolitik\\\/\"]}]},{\"@type\":\"BreadcrumbList\",\"@id\":\"https:\\\/\\\/naldtanglejren.dk\\\/de_de\\\/persondatapolitik\\\/#breadcrumb\",\"itemListElement\":[{\"@type\":\"ListItem\",\"position\":1,\"name\":\"Hjem\",\"item\":\"https:\\\/\\\/naldtanglejren.dk\\\/\"},{\"@type\":\"ListItem\",\"position\":2,\"name\":\"PERSONDATA\"}]},{\"@type\":\"WebSite\",\"@id\":\"https:\\\/\\\/naldtanglejren.dk\\\/da_dk\\\/#website\",\"url\":\"https:\\\/\\\/naldtanglejren.dk\\\/da_dk\\\/\",\"name\":\"Naldtanglejren\",\"description\":\"Naldtanglejren\",\"potentialAction\":[{\"@type\":\"SearchAction\",\"target\":{\"@type\":\"EntryPoint\",\"urlTemplate\":\"https:\\\/\\\/naldtanglejren.dk\\\/da_dk\\\/?s={search_term_string}\"},\"query-input\":{\"@type\":\"PropertyValueSpecification\",\"valueRequired\":true,\"valueName\":\"search_term_string\"}}],\"inLanguage\":\"de\"}]}<\/script>\n<!-- \/ Yoast SEO plugin. -->","yoast_head_json":{"title":"PERSONDATA - Naldtanglejren","robots":{"index":"index","follow":"follow","max-snippet":"max-snippet:-1","max-image-preview":"max-image-preview:large","max-video-preview":"max-video-preview:-1"},"canonical":"https:\/\/naldtanglejren.dk\/de_de\/persondatapolitik\/","og_locale":"de_DE","og_type":"article","og_title":"PERSONDATA - Naldtanglejren","og_description":"Registrering af data: N\u00e5r du bes\u00f8ger vores website registrerer vi (FDDB) alene persondata i det omfang, du selv har givet os disse oplysninger. Det vil typisk v\u00e6re ved reservation og booking af lejren. Personhenf\u00f8rbare oplysninger s\u00e6lges eller videregives aldrig til tredjepart. Vi registrerer persondata med det form\u00e5l at kunne yde vores kunder og andre, der [&hellip;]","og_url":"https:\/\/naldtanglejren.dk\/de_de\/persondatapolitik\/","og_site_name":"Naldtanglejren","article_modified_time":"2025-08-27T18:47:05+00:00","twitter_card":"summary_large_image","twitter_misc":{"Gesch\u00e4tzte Lesezeit":"3\u00a0Minuten"},"schema":{"@context":"https:\/\/schema.org","@graph":[{"@type":"WebPage","@id":"https:\/\/naldtanglejren.dk\/de_de\/persondatapolitik\/","url":"https:\/\/naldtanglejren.dk\/de_de\/persondatapolitik\/","name":"PERSONDATA - Naldtanglejren","isPartOf":{"@id":"https:\/\/naldtanglejren.dk\/da_dk\/#website"},"datePublished":"2025-08-27T18:45:17+00:00","dateModified":"2025-08-27T18:47:05+00:00","breadcrumb":{"@id":"https:\/\/naldtanglejren.dk\/de_de\/persondatapolitik\/#breadcrumb"},"inLanguage":"de","potentialAction":[{"@type":"ReadAction","target":["https:\/\/naldtanglejren.dk\/de_de\/persondatapolitik\/"]}]},{"@type":"BreadcrumbList","@id":"https:\/\/naldtanglejren.dk\/de_de\/persondatapolitik\/#breadcrumb","itemListElement":[{"@type":"ListItem","position":1,"name":"Hjem","item":"https:\/\/naldtanglejren.dk\/"},{"@type":"ListItem","position":2,"name":"PERSONDATA"}]},{"@type":"WebSite","@id":"https:\/\/naldtanglejren.dk\/da_dk\/#website","url":"https:\/\/naldtanglejren.dk\/da_dk\/","name":"\u2192 Naltanglager","description":"\u2192 Naltanglager","potentialAction":[{"@type":"SearchAction","target":{"@type":"EntryPoint","urlTemplate":"https:\/\/naldtanglejren.dk\/da_dk\/?s={search_term_string}"},"query-input":{"@type":"PropertyValueSpecification","valueRequired":true,"valueName":"search_term_string"}}],"inLanguage":"de"}]}},"_links":{"self":[{"href":"https:\/\/naldtanglejren.dk\/de_de\/wp-json\/wp\/v2\/pages\/786","targetHints":{"allow":["GET"]}}],"collection":[{"href":"https:\/\/naldtanglejren.dk\/de_de\/wp-json\/wp\/v2\/pages"}],"about":[{"href":"https:\/\/naldtanglejren.dk\/de_de\/wp-json\/wp\/v2\/types\/page"}],"author":[{"embeddable":true,"href":"https:\/\/naldtanglejren.dk\/de_de\/wp-json\/wp\/v2\/users\/3"}],"replies":[{"embeddable":true,"href":"https:\/\/naldtanglejren.dk\/de_de\/wp-json\/wp\/v2\/comments?post=786"}],"version-history":[{"count":2,"href":"https:\/\/naldtanglejren.dk\/de_de\/wp-json\/wp\/v2\/pages\/786\/revisions"}],"predecessor-version":[{"id":790,"href":"https:\/\/naldtanglejren.dk\/de_de\/wp-json\/wp\/v2\/pages\/786\/revisions\/790"}],"wp:attachment":[{"href":"https:\/\/naldtanglejren.dk\/de_de\/wp-json\/wp\/v2\/media?parent=786"}],"curies":[{"name":"wp","href":"https:\/\/api.w.org\/{rel}","templated":true}]}}