{"id":791,"date":"2025-08-27T20:11:11","date_gmt":"2025-08-27T20:11:11","guid":{"rendered":"https:\/\/naldtanglejren.dk\/?page_id=791"},"modified":"2025-08-27T20:22:11","modified_gmt":"2025-08-27T20:22:11","slug":"ordensregler-paa-naldtang","status":"publish","type":"page","link":"https:\/\/naldtanglejren.dk\/de_de\/ordensregler-paa-naldtang\/","title":{"rendered":"ORDENSREGLER P\u00c5 NALDTANG"},"content":{"rendered":"<h1>\u2013 fordi vi gerne vil v\u00e6re ordentlige med hinanden<\/h1>\n<ul>\n<li>Der m\u00e5 ikke spilles musik udend\u00f8rs eller for \u00e5bne d\u00f8re og vinduer. Efter kl. 23 skal musikken v\u00e6re slukket.<\/li>\n<li>Parkering sker p\u00e5 Naldtanglejrens parkeringsomr\u00e5de. Parker gerne i r\u00e6kker bag hinanden. Af hensyn til busser og traktorer m\u00e5 der ikke parkeres i vejsiden.<\/li>\n<li>Benyt den offentlige strand ved badebroen og ved trappenedgangen bag sovebygningen. Stranden ved det lille sommerhus bag Naldtanglejren er privat. Privat betyder at man gerne m\u00e5 passere, men ikke opholde sig p\u00e5 stranden.<\/li>\n<li>Der m\u00e5 kun ryges udend\u00f8rs p\u00e5 flisepladsen ved grovk\u00f8kkenet. Der vil blive eftersendt en regning p\u00e5 reng\u00f8ring ved rygning indend\u00f8rs, ligesom fejlalarmering p\u00e5 brandalarmen for\u00e5rsaget af rygning er for egen regning.<\/li>\n<li>Fyrv\u00e6rkeri og flyvning med droner er ikke tilladt.<\/li>\n<li>Der m\u00e5 ikke ske opkl\u00e6bning p\u00e5 v\u00e6gge, d\u00f8re og lofter.<\/li>\n<li>Madrasser og m\u00f8bler m\u00e5 ikke bruges udend\u00f8rs.<\/li>\n<li>Der m\u00e5 kun t\u00e6ndes b\u00e5l p\u00e5 b\u00e5lpladsen. Tjek, om der er s\u00e6rlige restriktioner i t\u00f8rkeperioder.<\/li>\n<li>Flag til flagstangen ligger p\u00e5 en hylde i grovk\u00f8kkenet.<\/li>\n<li>Sten m\u00e5 ikke fjernes fra molen af hensyn til strandbeskyttelsen.<\/li>\n<li>Det er ikke tilladt at oplade sin elbil p\u00e5 kolonien grundet evt. overbelastning af elinstallationer<\/li>\n<\/ul>","protected":false},"excerpt":{"rendered":"<p>\u2013 fordi vi gerne vil v\u00e6re ordentlige med hinanden Der m\u00e5 ikke spilles musik udend\u00f8rs eller for \u00e5bne d\u00f8re og vinduer. Efter kl. 23 skal musikken v\u00e6re slukket. Parkering sker p\u00e5 Naldtanglejrens parkeringsomr\u00e5de. Parker gerne i r\u00e6kker bag hinanden. Af hensyn til busser og traktorer m\u00e5 der ikke parkeres i vejsiden. Benyt den offentlige strand [&hellip;]<\/p>\n","protected":false},"author":3,"featured_media":0,"parent":0,"menu_order":0,"comment_status":"closed","ping_status":"closed","template":"","meta":{"_et_pb_use_builder":"","_et_pb_old_content":"","_et_gb_content_width":"","inline_featured_image":false,"footnotes":""},"class_list":["post-791","page","type-page","status-publish","hentry"],"yoast_head":"<!-- This site is optimized with the Yoast SEO plugin v27.3 - https:\/\/yoast.com\/product\/yoast-seo-wordpress\/ -->\n<title>ORDENSREGLER P\u00c5 NALDTANG - Naldtanglejren<\/title>\n<meta name=\"robots\" content=\"index, follow, max-snippet:-1, max-image-preview:large, max-video-preview:-1\" \/>\n<link rel=\"canonical\" href=\"https:\/\/naldtanglejren.dk\/de_de\/ordensregler-paa-naldtang\/\" \/>\n<meta property=\"og:locale\" content=\"de_DE\" \/>\n<meta property=\"og:type\" content=\"article\" \/>\n<meta property=\"og:title\" content=\"ORDENSREGLER P\u00c5 NALDTANG - Naldtanglejren\" \/>\n<meta property=\"og:description\" content=\"\u2013 fordi vi gerne vil v\u00e6re ordentlige med hinanden Der m\u00e5 ikke spilles musik udend\u00f8rs eller for \u00e5bne d\u00f8re og vinduer. Efter kl. 23 skal musikken v\u00e6re slukket. Parkering sker p\u00e5 Naldtanglejrens parkeringsomr\u00e5de. Parker gerne i r\u00e6kker bag hinanden. Af hensyn til busser og traktorer m\u00e5 der ikke parkeres i vejsiden. Benyt den offentlige strand [&hellip;]\" \/>\n<meta property=\"og:url\" content=\"https:\/\/naldtanglejren.dk\/de_de\/ordensregler-paa-naldtang\/\" \/>\n<meta property=\"og:site_name\" content=\"Naldtanglejren\" \/>\n<meta property=\"article:modified_time\" content=\"2025-08-27T20:22:11+00:00\" \/>\n<meta name=\"twitter:card\" content=\"summary_large_image\" \/>\n<meta name=\"twitter:label1\" content=\"Gesch\u00e4tzte Lesezeit\" \/>\n\t<meta name=\"twitter:data1\" content=\"2\u00a0Minuten\" \/>\n<script type=\"application\/ld+json\" class=\"yoast-schema-graph\">{\"@context\":\"https:\\\/\\\/schema.org\",\"@graph\":[{\"@type\":\"WebPage\",\"@id\":\"https:\\\/\\\/naldtanglejren.dk\\\/de_de\\\/ordensregler-paa-naldtang\\\/\",\"url\":\"https:\\\/\\\/naldtanglejren.dk\\\/de_de\\\/ordensregler-paa-naldtang\\\/\",\"name\":\"ORDENSREGLER P\u00c5 NALDTANG - Naldtanglejren\",\"isPartOf\":{\"@id\":\"https:\\\/\\\/naldtanglejren.dk\\\/da_dk\\\/#website\"},\"datePublished\":\"2025-08-27T20:11:11+00:00\",\"dateModified\":\"2025-08-27T20:22:11+00:00\",\"breadcrumb\":{\"@id\":\"https:\\\/\\\/naldtanglejren.dk\\\/de_de\\\/ordensregler-paa-naldtang\\\/#breadcrumb\"},\"inLanguage\":\"de\",\"potentialAction\":[{\"@type\":\"ReadAction\",\"target\":[\"https:\\\/\\\/naldtanglejren.dk\\\/de_de\\\/ordensregler-paa-naldtang\\\/\"]}]},{\"@type\":\"BreadcrumbList\",\"@id\":\"https:\\\/\\\/naldtanglejren.dk\\\/de_de\\\/ordensregler-paa-naldtang\\\/#breadcrumb\",\"itemListElement\":[{\"@type\":\"ListItem\",\"position\":1,\"name\":\"Hjem\",\"item\":\"https:\\\/\\\/naldtanglejren.dk\\\/\"},{\"@type\":\"ListItem\",\"position\":2,\"name\":\"ORDENSREGLER P\u00c5 NALDTANG\"}]},{\"@type\":\"WebSite\",\"@id\":\"https:\\\/\\\/naldtanglejren.dk\\\/da_dk\\\/#website\",\"url\":\"https:\\\/\\\/naldtanglejren.dk\\\/da_dk\\\/\",\"name\":\"Naldtanglejren\",\"description\":\"Naldtanglejren\",\"potentialAction\":[{\"@type\":\"SearchAction\",\"target\":{\"@type\":\"EntryPoint\",\"urlTemplate\":\"https:\\\/\\\/naldtanglejren.dk\\\/da_dk\\\/?s={search_term_string}\"},\"query-input\":{\"@type\":\"PropertyValueSpecification\",\"valueRequired\":true,\"valueName\":\"search_term_string\"}}],\"inLanguage\":\"de\"}]}<\/script>\n<!-- \/ Yoast SEO plugin. -->","yoast_head_json":{"title":"ORDENSREGLER P\u00c5 NALDTANG - Naldtanglejren","robots":{"index":"index","follow":"follow","max-snippet":"max-snippet:-1","max-image-preview":"max-image-preview:large","max-video-preview":"max-video-preview:-1"},"canonical":"https:\/\/naldtanglejren.dk\/de_de\/ordensregler-paa-naldtang\/","og_locale":"de_DE","og_type":"article","og_title":"ORDENSREGLER P\u00c5 NALDTANG - Naldtanglejren","og_description":"\u2013 fordi vi gerne vil v\u00e6re ordentlige med hinanden Der m\u00e5 ikke spilles musik udend\u00f8rs eller for \u00e5bne d\u00f8re og vinduer. Efter kl. 23 skal musikken v\u00e6re slukket. Parkering sker p\u00e5 Naldtanglejrens parkeringsomr\u00e5de. Parker gerne i r\u00e6kker bag hinanden. Af hensyn til busser og traktorer m\u00e5 der ikke parkeres i vejsiden. Benyt den offentlige strand [&hellip;]","og_url":"https:\/\/naldtanglejren.dk\/de_de\/ordensregler-paa-naldtang\/","og_site_name":"Naldtanglejren","article_modified_time":"2025-08-27T20:22:11+00:00","twitter_card":"summary_large_image","twitter_misc":{"Gesch\u00e4tzte Lesezeit":"2\u00a0Minuten"},"schema":{"@context":"https:\/\/schema.org","@graph":[{"@type":"WebPage","@id":"https:\/\/naldtanglejren.dk\/de_de\/ordensregler-paa-naldtang\/","url":"https:\/\/naldtanglejren.dk\/de_de\/ordensregler-paa-naldtang\/","name":"ORDENSREGLER P\u00c5 NALDTANG - Naldtanglejren","isPartOf":{"@id":"https:\/\/naldtanglejren.dk\/da_dk\/#website"},"datePublished":"2025-08-27T20:11:11+00:00","dateModified":"2025-08-27T20:22:11+00:00","breadcrumb":{"@id":"https:\/\/naldtanglejren.dk\/de_de\/ordensregler-paa-naldtang\/#breadcrumb"},"inLanguage":"de","potentialAction":[{"@type":"ReadAction","target":["https:\/\/naldtanglejren.dk\/de_de\/ordensregler-paa-naldtang\/"]}]},{"@type":"BreadcrumbList","@id":"https:\/\/naldtanglejren.dk\/de_de\/ordensregler-paa-naldtang\/#breadcrumb","itemListElement":[{"@type":"ListItem","position":1,"name":"Hjem","item":"https:\/\/naldtanglejren.dk\/"},{"@type":"ListItem","position":2,"name":"ORDENSREGLER P\u00c5 NALDTANG"}]},{"@type":"WebSite","@id":"https:\/\/naldtanglejren.dk\/da_dk\/#website","url":"https:\/\/naldtanglejren.dk\/da_dk\/","name":"\u2192 Naltanglager","description":"\u2192 Naltanglager","potentialAction":[{"@type":"SearchAction","target":{"@type":"EntryPoint","urlTemplate":"https:\/\/naldtanglejren.dk\/da_dk\/?s={search_term_string}"},"query-input":{"@type":"PropertyValueSpecification","valueRequired":true,"valueName":"search_term_string"}}],"inLanguage":"de"}]}},"_links":{"self":[{"href":"https:\/\/naldtanglejren.dk\/de_de\/wp-json\/wp\/v2\/pages\/791","targetHints":{"allow":["GET"]}}],"collection":[{"href":"https:\/\/naldtanglejren.dk\/de_de\/wp-json\/wp\/v2\/pages"}],"about":[{"href":"https:\/\/naldtanglejren.dk\/de_de\/wp-json\/wp\/v2\/types\/page"}],"author":[{"embeddable":true,"href":"https:\/\/naldtanglejren.dk\/de_de\/wp-json\/wp\/v2\/users\/3"}],"replies":[{"embeddable":true,"href":"https:\/\/naldtanglejren.dk\/de_de\/wp-json\/wp\/v2\/comments?post=791"}],"version-history":[{"count":3,"href":"https:\/\/naldtanglejren.dk\/de_de\/wp-json\/wp\/v2\/pages\/791\/revisions"}],"predecessor-version":[{"id":796,"href":"https:\/\/naldtanglejren.dk\/de_de\/wp-json\/wp\/v2\/pages\/791\/revisions\/796"}],"wp:attachment":[{"href":"https:\/\/naldtanglejren.dk\/de_de\/wp-json\/wp\/v2\/media?parent=791"}],"curies":[{"name":"wp","href":"https:\/\/api.w.org\/{rel}","templated":true}]}}